{"id":2373,"date":"2020-06-26T11:27:52","date_gmt":"2020-06-26T16:27:52","guid":{"rendered":"https:\/\/www.psproyectosyservicios.com\/?page_id=2373"},"modified":"2026-05-07T01:50:54","modified_gmt":"2026-05-07T06:50:54","slug":"bienestar-medico","status":"publish","type":"page","link":"https:\/\/www.psproyectosyservicios.com\/inicio\/?page_id=2373","title":{"rendered":"Bienestar | M\u00e9dicos"},"content":{"rendered":"\t\t<div data-elementor-type=\"wp-page\" data-elementor-id=\"2373\" class=\"elementor elementor-2373\">\n\t\t\t\t\t\t<section class=\"elementor-section elementor-top-section elementor-element elementor-element-38a7ab00 elementor-section-boxed elementor-section-height-default elementor-section-height-default\" data-id=\"38a7ab00\" data-element_type=\"section\" data-e-type=\"section\">\n\t\t\t\t\t\t<div class=\"elementor-container elementor-column-gap-default\">\n\t\t\t\t\t<div class=\"elementor-column elementor-col-100 elementor-top-column elementor-element elementor-element-2a741d76\" data-id=\"2a741d76\" data-element_type=\"column\" data-e-type=\"column\">\n\t\t\t<div class=\"elementor-widget-wrap elementor-element-populated\">\n\t\t\t\t\t\t<div class=\"elementor-element elementor-element-3ec32e46 elementor-widget elementor-widget-text-editor\" data-id=\"3ec32e46\" data-element_type=\"widget\" data-e-type=\"widget\" data-widget_type=\"text-editor.default\">\n\t\t\t\t<div class=\"elementor-widget-container\">\n\t\t\t\t\t\t\t\t\t<p><\/p>\n<p><a href=\"https:\/\/www.psproyectosyservicios.com\/pruebas-rapidas-covid-19\/\">&nbsp;<\/a><\/p>\n<p><\/p>\n<p><\/p>\n<h3 class=\"wp-block-heading\"><a href=\"https:\/\/www.psproyectosyservicios.com\/pruebas-rapidas-covid-19\/\">PRUEBAS R\u00c1PIDAS<\/a><\/h3>\n<p><\/p>\n<p><\/p>\n<p>De manera r\u00e1pida, sencilla y eficaz puedes realizar el test COVID-19 con resultados en 15 minutos y una efectividad del 96% al 98%<\/p>\n<p><\/p>\n<p><\/p>\n<p><a style=\"font-size: 1.5em; font-weight: 900; letter-spacing: 0px; text-transform: uppercase; background-color: var(--nv-site-bg);\" href=\"https:\/\/www.psproyectosyservicios.com\/robots-desinfectantes\/\">ROBOTS<\/a><\/p>\n<p><\/p>\n<p><\/p>\n<p class=\"has-text-align-center\">Los robots son \u00fatiles para cualquier industria que desee consolidar procedimientos de desinfecci\u00f3n y mantener el aire limpio.<\/p>\n<p><\/p>\n<p><\/p>\n<h2 class=\"wp-block-heading\">\u00bfQu\u00e9 es el COVID-19?<\/h2>\n<p><\/p>\n<p><\/p>\n<p class=\"has-text-align-center\"><b><i>Los coronavirus (CoV) son virus que surgen peri\u00f3dicamente en diferentes \u00e1reas del mundo y que causan Infecci\u00f3n Respiratoria Aguda (IRA), es decir gripa, que pueden llegar a ser leve, moderada o grave.<\/i><\/b><\/p>\n<p><\/p>\n<p><\/p>\n<p>El nuevo Coronavirus <em><strong>(COVID-19)<\/strong><\/em> ha sido catalogado por la Organizaci\u00f3n Mundial de la Salud como una emergencia en salud p\u00fablica de importancia internacional (ESPII). Se han identificado casos en todos los continentes y, el 6 de marzo se confirm\u00f3 el primer caso en Colombia.<\/p>\n<p><\/p>\n<p><\/p>\n<figure class=\"wp-block-image\"><img decoding=\"async\" src=\"https:\/\/www.psproyectosyservicios.com\/wp-content\/uploads\/2020\/06\/PRUEBAS-PEQUE\u00d1O.jpg\" alt=\"\"><\/figure>\n<p><\/p>\n<p><\/p>\n<h3 class=\"wp-block-heading\">pruebas r\u00e1pidas covid<\/h3>\n<p><\/p>\n<p><\/p>\n<p class=\"has-text-align-center\">El nuevo brote de Coronavirus en Wuhan, China, se ha extendido r\u00e1pidamente por todo el pa\u00eds, generando una pandemia a nivel mundial.<\/p>\n<p><\/p>\n<p><\/p>\n<p class=\"has-text-align-center\">Por esta raz\u00f3n PYS en alianza con Glacsi trae la nueva Prueba R\u00e1pida de Coronavirus<strong><em> (COVID-19)<\/em><\/strong> <em><strong>IGG | IGM<\/strong>&nbsp;<\/em><strong> REALY TECH<\/strong> In Vitro Diagnostic Device. Un dispositivo de prueba r\u00e1pida inmunoensayo cromatogr\u00e1fico que de manera r\u00e1pida, sencilla y eficaz realiza el test COVID-19 con resultados en 15 minutos y efectividad del 96% &#8211; 98%&nbsp;<\/p>\n<p><\/p>\n<p><\/p>\n<p><img fetchpriority=\"high\" decoding=\"async\" src=\"https:\/\/www.psproyectosyservicios.com\/wp-content\/uploads\/2020\/06\/covidprueba.jpg\" sizes=\"(max-width: 361px) 100vw, 361px\" srcset=\"https:\/\/www.psproyectosyservicios.com\/wp-content\/uploads\/2020\/06\/covidprueba.jpg 361w, https:\/\/www.psproyectosyservicios.com\/wp-content\/uploads\/2020\/06\/covidprueba-300x145.jpg 300w\" alt=\"\" width=\"361\" height=\"174\"><br><a>COMPOSICI\u00d3N<\/a><\/p>\n<p><\/p>\n<p><\/p>\n<ul class=\"wp-block-list\">\n<li style=\"text-align: left;\"><b>TIPO DE MUESTRAS:&nbsp; <\/b>Sangre entera | Suero | Plasma&nbsp; &nbsp;<\/li>\n<li style=\"text-align: left;\"><strong>FORMATO:<\/strong> Cassett<\/li>\n<li style=\"text-align: left;\"><strong>CANTIDAD:<\/strong> 25 pruebas | Kit<\/li>\n<li style=\"text-align: left;\"><strong>ESPECIFICIDAD:<\/strong> Anticuerpos COVID-19 IGG e IGM<\/li>\n<li style=\"text-align: left;\"><strong>RESULTADO<\/strong>: 15 Minutos&nbsp; &nbsp; &nbsp; &nbsp; &nbsp; &nbsp; <strong>EFECTIVIDAD:<\/strong> 96 a 98 %<\/li>\n<\/ul>\n<p><\/p>\n<p><\/p>\n<p><a>CONTENIDO<\/a><\/p>\n<p><\/p>\n<p><\/p>\n<ul class=\"wp-block-list\">\n<li>25 Cassetes de prueba<\/li>\n<li>25 Pipetas desechables<\/li>\n<li>1 Buffer<\/li>\n<li>25 Lancetas<\/li>\n<li>25 Almohadillas de alcohol 1 Inserto del paquete\n<ul><\/ul>\n<\/li>\n<\/ul>\n<p><\/p>\n<p><\/p>\n<p><a>ALMACENAMIENTO<\/a><\/p>\n<p><\/p>\n<p><\/p>\n<p>El kit se puede almacenar a temperatura ambiente o refrigerado (2-30\u00b0C). El dispositivo de prueba es estable hasta la fecha de vencimiento impresa en la bolsa sellada. El dispositivo de prueba debe permanecer en la bolsa sellada hasta su uso. NO CONGELAR. No lo use m\u00e1s all\u00e1 de la fecha de vencimiento.<\/p>\n<p><\/p>\n<p><\/p>\n<p><a>PRECAUCIONES<\/a><\/p>\n<p><\/p>\n<p><\/p>\n<ol class=\"wp-block-list\">\n<li>Solo para uso diagn\u00f3stico profesional in vitro. No utilice despu\u00e9s de la fecha de caducidad.<\/li>\n<li>Este prospecto debe leerse completamente antes de realizar la prueba coronavirus. Si no se sigue el inserto, se obtienen resultados de prueba inexactos.<\/li>\n<li>No lo use si el tubo\/bolsa est\u00e1 da\u00f1ado o roto.<\/li>\n<\/ol>\n<p><\/p>\n<p><\/p>\n<ul class=\"wp-block-list\">\n<li><\/li>\n<\/ul>\n<p><\/p>\n<p><\/p>\n<p><a role=\"button\" href=\"https:\/\/www.psproyectosyservicios.com\/pruebas-rapidas-covid-19\/\"><br>M\u00e1s Informaci\u00f3n<br><\/a><br><img decoding=\"async\" src=\"https:\/\/www.psproyectosyservicios.com\/wp-content\/uploads\/2020\/06\/ROBOT-PEQUE\u00d1O-3.jpg\" sizes=\"(max-width: 361px) 100vw, 361px\" srcset=\"https:\/\/www.psproyectosyservicios.com\/wp-content\/uploads\/2020\/06\/ROBOT-PEQUE\u00d1O-3.jpg 361w, https:\/\/www.psproyectosyservicios.com\/wp-content\/uploads\/2020\/06\/ROBOT-PEQUE\u00d1O-3-300x145.jpg 300w\" alt=\"\" width=\"361\" height=\"174\"><\/p>\n<p><\/p>\n<p><\/p>\n<h3 class=\"wp-block-heading\">robots desinfectantes<\/h3>\n<p><\/p>\n<p><\/p>\n<p class=\"has-text-align-center\">Las infecciones intrahospitalarias son un problema creciente en el sistema de salud, un problema que cuesta millardos en tratamientos adicionales cada a\u00f1o. Para los pacientes, estas infecciones pueden causar enfermedades serias y en el peor de los casos, la muerte.<\/p>\n<p><\/p>\n<p><\/p>\n<p class=\"has-text-align-center\">Los robots de desinfecci\u00f3n son \u00fatiles para cualquier industria que desee consolidar sus procedimientos de desinfecci\u00f3n y crear espacios seguros bajo techo. Los STERISAFE PRO se han convertido en una parte crucial de los procedimientos de desinfecci\u00f3n.<\/p>\n<p><\/p>\n<p><\/p>\n<p><img decoding=\"async\" src=\"https:\/\/www.psproyectosyservicios.com\/wp-content\/uploads\/2020\/06\/robotsani.jpg\" sizes=\"(max-width: 361px) 100vw, 361px\" srcset=\"https:\/\/www.psproyectosyservicios.com\/wp-content\/uploads\/2020\/06\/robotsani.jpg 361w, https:\/\/www.psproyectosyservicios.com\/wp-content\/uploads\/2020\/06\/robotsani-300x145.jpg 300w\" alt=\"\" width=\"361\" height=\"174\"><br><a>CICLO DE DESINFECCI\u00d3N<\/a><\/p>\n<p><\/p>\n<p><\/p>\n<p>La tecnolog\u00eda del Ciclo de Desinfecci\u00f3n Profunda (CDP) desinfecta el aire y remueve de las superficies todos los pat\u00f3genos nocivos, tales como virus, bacterias e incluso las llamadas superbacterias, que son resistentes a antibi\u00f3ticos. El proceso es 100% libre de qu\u00edmicos.<\/p>\n<p><\/p>\n<p><\/p>\n<p><a>FASES DEL CDP<\/a><\/p>\n<p><\/p>\n<p><\/p>\n<ul class=\"wp-block-list\">\n<li><strong>Acumulaci\u00f3n<\/strong>: Se genera gas biocida en el sitio <em>(O3, ozono)<\/em>, el cual es diseminado efectivamente en la habitaci\u00f3n. Hay un control total de la concentraci\u00f3n y el nivel de humedad.<\/li>\n<li><strong>Desinfecci\u00f3n<\/strong>: La alta concentraci\u00f3n de gas y humedad se mantiene y esparce por todas las esquinas y rincones.<\/li>\n<li><strong>Purificaci\u00f3n<\/strong>: Todo el gas biocida restante se remueve activamente y se transforma en ox\u00edgeno. Remoci\u00f3n de todas las part\u00edculas y nanopart\u00edculas <em>(contaminaci\u00f3n por part\u00edculas).<\/em> Los par\u00e1metros son monitoreados para garantizar la seguridad a la hora de volver a entrar a la habitaci\u00f3n.<\/li>\n<\/ul>\n<p><\/p>\n<p><\/p>\n<p><a>CUALIDADES<\/a><\/p>\n<p><\/p>\n<p><\/p>\n<ol class=\"wp-block-list\">\n<li>Elimina hasta 99.99999% de todas las bacterias, virus y hongos<\/li>\n<li>No deja residuos qu\u00edmicos<\/li>\n<li>M\u00f3vil, Flexible y F\u00e1cil de usar<\/li>\n<li>Todo el proceso es monitoreado<\/li>\n<li>Uso inmediato del espacio luego de terminado el ciclo<\/li>\n<li>No utiliza aditivos qu\u00edmicos. S\u00f3lo consume agua y electricidad<\/li>\n<\/ol>\n<p><\/p>\n<p><\/p>\n<ul class=\"wp-block-list\">\n<li><\/li>\n<\/ul>\n<p><\/p>\n<p><\/p>\n<p><a>TIPOS DE ROBOTS<\/a><\/p>\n<p><\/p>\n<p><\/p>\n<p>AIR HAVN<\/p>\n<p><\/p>\n<p><\/p>\n<p>AIRBUBBL<\/p>\n<p><\/p>\n<p><\/p>\n<p>STERISAFE<\/p>\n<p><\/p>\n<p><\/p>\n<p><a role=\"button\" href=\"https:\/\/www.psproyectosyservicios.com\/robots-desinfectantes\/\"><br>M\u00e1s Informaci\u00f3n<br><\/a><\/p>\n<p><\/p>\n<p><\/p>\n<h4 class=\"wp-block-heading\">ESTAMOS A LA VANGUARDIA DE LO QUE PASA EN Colombia, pys le BRINDA PROTECCI\u00d3N A SU VIDA.<\/h4>\n<p><\/p>\n<p><\/p>\n<p>HAZTE LA PRUEBA DEL COVID-19, PROT\u00c9GETE CON LAS MASCARILLAS FACIALES Y DESINFECTA LAS \u00c1REAS QUE HABITAS CON LOS ROBOTS SMARTMATIC&#8230; \u00a1NO HAGAS PARTE DE LAS CIFRAS!<br>covid-19 colombia | Reporte 29-10-2020<br>0<br>CASOS CONFIRMADOS<br>0<br>RECUPERADOS<br>0<br>FALLECIDOS<\/p>\n<p><\/p>\n<p><\/p>\n<h5 class=\"wp-block-heading\">enlaceS de inter\u00e9s<\/h5>\n<p><\/p>\n<p><\/p>\n<p><a>Noticias<\/a><\/p>\n<p><\/p>\n<p><\/p>\n<p><a href=\"https:\/\/coronaviruscolombia.gov.co\/Covid19\/index.html\">\u00bfC\u00f3mo s\u00e9 si tengo Coronavirus?<\/a><\/p>\n<p><\/p>\n<p><\/p>\n<p><a href=\"https:\/\/www.psproyectosyservicios.com\/noticias\/\">Actualidad PYS<\/a><\/p>\n<p><\/p>\n<p><\/p>\n<p><a>Lineas de Atenci\u00f3n Secretar\u00edas de Salud<\/a><\/p>\n<p><\/p>\n<p><\/p>\n<p><a href=\"https:\/\/coronaviruscolombia.gov.co\/Covid19\/lineas-de-atencion.html\">Lineas de Atenci\u00f3n COVID-19 | <\/a><a href=\"https:\/\/coronaviruscolombia.gov.co\/Covid19\/lineas-de-atencion.html\">En Bogot\u00e1: +57(1) 330 5041 | Celular: 192 | Resto del pa\u00eds: 018000955590<\/a><\/p>\n<p><\/p>\n<p><\/p>\n<p><a>Protocolos<\/a><\/p>\n<p><\/p>\n<p><\/p>\n<p><a href=\"https:\/\/coronaviruscolombia.gov.co\/Covid19\/protocolos.html\">Protocolos<\/a><\/p>\n<p><\/p>\n<p><\/p>\n<p><a>Decretos<\/a><\/p>\n<p><\/p>\n<p><\/p>\n<p><a href=\"https:\/\/coronaviruscolombia.gov.co\/Covid19\/decretos.html\">Decretos<\/a><\/p>\n<p><\/p>\t\t\t\t\t\t\t\t<\/div>\n\t\t\t\t<\/div>\n\t\t\t\t\t<\/div>\n\t\t<\/div>\n\t\t\t\t\t<\/div>\n\t\t<\/section>\n\t\t\t\t<\/div>\n\t\t","protected":false},"excerpt":{"rendered":"<p>&nbsp; PRUEBAS R\u00c1PIDAS De manera r\u00e1pida, sencilla y eficaz puedes realizar el test COVID-19 con resultados en 15 minutos y [&hellip;]<\/p>\n","protected":false},"author":1,"featured_media":0,"parent":0,"menu_order":0,"comment_status":"closed","ping_status":"closed","template":"","meta":{"site-sidebar-layout":"default","site-content-layout":"","ast-site-content-layout":"default","site-content-style":"default","site-sidebar-style":"default","ast-global-header-display":"","ast-banner-title-visibility":"","ast-main-header-display":"","ast-hfb-above-header-display":"","ast-hfb-below-header-display":"","ast-hfb-mobile-header-display":"","site-post-title":"","ast-breadcrumbs-content":"","ast-featured-img":"","footer-sml-layout":"","ast-disable-related-posts":"","theme-transparent-header-meta":"","adv-header-id-meta":"","stick-header-meta":"","header-above-stick-meta":"","header-main-stick-meta":"","header-below-stick-meta":"","astra-migrate-meta-layouts":"default","ast-page-background-enabled":"default","ast-page-background-meta":{"desktop":{"background-color":"var(--ast-global-color-5)","background-image":"","background-repeat":"repeat","background-position":"center center","background-size":"auto","background-attachment":"scroll","background-type":"","background-media":"","overlay-type":"","overlay-color":"","overlay-opacity":"","overlay-gradient":""},"tablet":{"background-color":"","background-image":"","background-repeat":"repeat","background-position":"center center","background-size":"auto","background-attachment":"scroll","background-type":"","background-media":"","overlay-type":"","overlay-color":"","overlay-opacity":"","overlay-gradient":""},"mobile":{"background-color":"","background-image":"","background-repeat":"repeat","background-position":"center center","background-size":"auto","background-attachment":"scroll","background-type":"","background-media":"","overlay-type":"","overlay-color":"","overlay-opacity":"","overlay-gradient":""}},"ast-content-background-meta":{"desktop":{"background-color":"var(--ast-global-color-4)","background-image":"","background-repeat":"repeat","background-position":"center center","background-size":"auto","background-attachment":"scroll","background-type":"","background-media":"","overlay-type":"","overlay-color":"","overlay-opacity":"","overlay-gradient":""},"tablet":{"background-color":"var(--ast-global-color-4)","background-image":"","background-repeat":"repeat","background-position":"center center","background-size":"auto","background-attachment":"scroll","background-type":"","background-media":"","overlay-type":"","overlay-color":"","overlay-opacity":"","overlay-gradient":""},"mobile":{"background-color":"var(--ast-global-color-4)","background-image":"","background-repeat":"repeat","background-position":"center center","background-size":"auto","background-attachment":"scroll","background-type":"","background-media":"","overlay-type":"","overlay-color":"","overlay-opacity":"","overlay-gradient":""}},"footnotes":""},"class_list":["post-2373","page","type-page","status-publish","hentry"],"jetpack_sharing_enabled":true,"_links":{"self":[{"href":"https:\/\/www.psproyectosyservicios.com\/inicio\/index.php?rest_route=\/wp\/v2\/pages\/2373","targetHints":{"allow":["GET"]}}],"collection":[{"href":"https:\/\/www.psproyectosyservicios.com\/inicio\/index.php?rest_route=\/wp\/v2\/pages"}],"about":[{"href":"https:\/\/www.psproyectosyservicios.com\/inicio\/index.php?rest_route=\/wp\/v2\/types\/page"}],"author":[{"embeddable":true,"href":"https:\/\/www.psproyectosyservicios.com\/inicio\/index.php?rest_route=\/wp\/v2\/users\/1"}],"replies":[{"embeddable":true,"href":"https:\/\/www.psproyectosyservicios.com\/inicio\/index.php?rest_route=%2Fwp%2Fv2%2Fcomments&post=2373"}],"version-history":[{"count":56,"href":"https:\/\/www.psproyectosyservicios.com\/inicio\/index.php?rest_route=\/wp\/v2\/pages\/2373\/revisions"}],"predecessor-version":[{"id":3324,"href":"https:\/\/www.psproyectosyservicios.com\/inicio\/index.php?rest_route=\/wp\/v2\/pages\/2373\/revisions\/3324"}],"wp:attachment":[{"href":"https:\/\/www.psproyectosyservicios.com\/inicio\/index.php?rest_route=%2Fwp%2Fv2%2Fmedia&parent=2373"}],"curies":[{"name":"wp","href":"https:\/\/api.w.org\/{rel}","templated":true}]}}