{"id":2806,"date":"2020-08-11T20:13:58","date_gmt":"2020-08-12T01:13:58","guid":{"rendered":"https:\/\/www.psproyectosyservicios.com\/?page_id=2806"},"modified":"2022-01-18T18:36:02","modified_gmt":"2022-01-18T23:36:02","slug":"gestion-ambiental","status":"publish","type":"page","link":"https:\/\/www.psproyectosyservicios.com\/inicio\/?page_id=2806","title":{"rendered":"GESTI\u00d3N AMBIENTAL"},"content":{"rendered":"\t\t<div data-elementor-type=\"wp-page\" data-elementor-id=\"2806\" class=\"elementor elementor-2806\">\n\t\t\t\t\t\t<section class=\"elementor-section elementor-top-section elementor-element elementor-element-524a8ae elementor-section-boxed elementor-section-height-default elementor-section-height-default\" data-id=\"524a8ae\" data-element_type=\"section\" data-e-type=\"section\">\n\t\t\t\t\t\t<div class=\"elementor-container elementor-column-gap-default\">\n\t\t\t\t\t<div class=\"elementor-column elementor-col-100 elementor-top-column elementor-element elementor-element-c32c925\" data-id=\"c32c925\" data-element_type=\"column\" data-e-type=\"column\">\n\t\t\t<div class=\"elementor-widget-wrap elementor-element-populated\">\n\t\t\t\t\t\t\t<\/div>\n\t\t<\/div>\n\t\t\t\t\t<\/div>\n\t\t<\/section>\n\t\t\t\t<section class=\"elementor-section elementor-top-section elementor-element elementor-element-ff73e4d elementor-section-boxed elementor-section-height-default elementor-section-height-default\" data-id=\"ff73e4d\" data-element_type=\"section\" data-e-type=\"section\">\n\t\t\t\t\t\t<div class=\"elementor-container elementor-column-gap-default\">\n\t\t\t\t\t<div class=\"elementor-column elementor-col-100 elementor-top-column elementor-element elementor-element-c3c377f\" data-id=\"c3c377f\" data-element_type=\"column\" data-e-type=\"column\">\n\t\t\t<div class=\"elementor-widget-wrap elementor-element-populated\">\n\t\t\t\t\t\t<div class=\"elementor-element elementor-element-5614709 elementor-widget elementor-widget-text-editor\" data-id=\"5614709\" data-element_type=\"widget\" data-e-type=\"widget\" data-widget_type=\"text-editor.default\">\n\t\t\t\t<div class=\"elementor-widget-container\">\n\t\t\t\t\t\t\t\t\t<p><b>La gesti\u00f3n ambiental es la estrategia o plan de actuaci\u00f3n con el que se intenta organizar toda la serie de actividades humanas de forma que impacten lo menos posible en el medio ambiente, buscando as\u00ed un desarrollo sostenible y un equilibrio entre los intereses econ\u00f3micos y materiales del ser humano, y la conservaci\u00f3n del medio ambiente, sin el que no podemos sobrevivir.<\/b><\/p>\t\t\t\t\t\t\t\t<\/div>\n\t\t\t\t<\/div>\n\t\t\t\t<div class=\"elementor-element elementor-element-b710508 elementor-button-info elementor-align-center elementor-widget elementor-widget-button\" data-id=\"b710508\" data-element_type=\"widget\" data-e-type=\"widget\" data-widget_type=\"button.default\">\n\t\t\t\t<div class=\"elementor-widget-container\">\n\t\t\t\t\t\t\t\t\t<div class=\"elementor-button-wrapper\">\n\t\t\t\t\t<a class=\"elementor-button elementor-button-link elementor-size-md elementor-animation-push\" href=\"https:\/\/www.psproyectosyservicios.com\/wp-content\/uploads\/2022\/01\/Brochure-Gestio\u0301n-Ambiental.pdf\">\n\t\t\t\t\t\t<span class=\"elementor-button-content-wrapper\">\n\t\t\t\t\t\t\t\t\t<span class=\"elementor-button-text\">Portafolio Gesti\u00f3n Ambiental<\/span>\n\t\t\t\t\t<\/span>\n\t\t\t\t\t<\/a>\n\t\t\t\t<\/div>\n\t\t\t\t\t\t\t\t<\/div>\n\t\t\t\t<\/div>\n\t\t\t\t\t<\/div>\n\t\t<\/div>\n\t\t\t\t\t<\/div>\n\t\t<\/section>\n\t\t\t\t<section class=\"elementor-section elementor-top-section elementor-element elementor-element-546b5ad elementor-section-boxed elementor-section-height-default elementor-section-height-default\" data-id=\"546b5ad\" data-element_type=\"section\" data-e-type=\"section\">\n\t\t\t\t\t\t<div class=\"elementor-container elementor-column-gap-default\">\n\t\t\t\t\t<div class=\"elementor-column elementor-col-100 elementor-top-column elementor-element elementor-element-c3fcbea\" data-id=\"c3fcbea\" data-element_type=\"column\" data-e-type=\"column\">\n\t\t\t<div class=\"elementor-widget-wrap elementor-element-populated\">\n\t\t\t\t\t\t<div class=\"elementor-element elementor-element-1ee9679 elementor-widget elementor-widget-toggle\" data-id=\"1ee9679\" data-element_type=\"widget\" data-e-type=\"widget\" data-widget_type=\"toggle.default\">\n\t\t\t\t<div class=\"elementor-widget-container\">\n\t\t\t\t\t\t\t<div class=\"elementor-toggle\">\n\t\t\t\t\t\t\t<div class=\"elementor-toggle-item\">\n\t\t\t\t\t<div id=\"elementor-tab-title-3241\" class=\"elementor-tab-title\" data-tab=\"1\" role=\"button\" aria-controls=\"elementor-tab-content-3241\" aria-expanded=\"false\">\n\t\t\t\t\t\t\t\t\t\t\t\t<span class=\"elementor-toggle-icon elementor-toggle-icon-left\" aria-hidden=\"true\">\n\t\t\t\t\t\t\t\t\t\t\t\t\t\t\t<span class=\"elementor-toggle-icon-closed\"><i class=\"fas fa-caret-right\"><\/i><\/span>\n\t\t\t\t\t\t\t\t<span class=\"elementor-toggle-icon-opened\"><i class=\"elementor-toggle-icon-opened fas fa-caret-up\"><\/i><\/span>\n\t\t\t\t\t\t\t\t\t\t\t\t\t<\/span>\n\t\t\t\t\t\t\t\t\t\t\t\t<a class=\"elementor-toggle-title\" tabindex=\"0\">Gesti\u00f3n Ambiental<\/a>\n\t\t\t\t\t<\/div>\n\n\t\t\t\t\t<div id=\"elementor-tab-content-3241\" class=\"elementor-tab-content elementor-clearfix\" data-tab=\"1\" role=\"region\" aria-labelledby=\"elementor-tab-title-3241\"><ol><li>Elaboraci\u00f3n de la matriz de impactos ambientales.<\/li><li>Procedimiento de Identificaci\u00f3n de aspectos ambientales.<\/li><li>Valoraci\u00f3n de impactos y determinaci\u00f3n de controles.<\/li><li>Programas de gesti\u00f3n ambiental.<\/li><li>Plan de gesti\u00f3n de integral de materiales, productos y residuos.<\/li><li>Planes de manejo ambiental.<\/li><\/ol><\/div>\n\t\t\t\t<\/div>\n\t\t\t\t\t\t\t\t<\/div>\n\t\t\t\t\t\t<\/div>\n\t\t\t\t<\/div>\n\t\t\t\t<div class=\"elementor-element elementor-element-b9de4b4 elementor-widget elementor-widget-spacer\" data-id=\"b9de4b4\" data-element_type=\"widget\" data-e-type=\"widget\" data-widget_type=\"spacer.default\">\n\t\t\t\t<div class=\"elementor-widget-container\">\n\t\t\t\t\t\t\t<div class=\"elementor-spacer\">\n\t\t\t<div class=\"elementor-spacer-inner\"><\/div>\n\t\t<\/div>\n\t\t\t\t\t\t<\/div>\n\t\t\t\t<\/div>\n\t\t\t\t\t<\/div>\n\t\t<\/div>\n\t\t\t\t\t<\/div>\n\t\t<\/section>\n\t\t\t\t<section class=\"elementor-section elementor-top-section elementor-element elementor-element-0a1a801 elementor-section-boxed elementor-section-height-default elementor-section-height-default\" data-id=\"0a1a801\" data-element_type=\"section\" data-e-type=\"section\">\n\t\t\t\t\t\t<div class=\"elementor-container elementor-column-gap-default\">\n\t\t\t\t\t<div class=\"elementor-column elementor-col-50 elementor-top-column elementor-element elementor-element-b481e58\" data-id=\"b481e58\" data-element_type=\"column\" data-e-type=\"column\">\n\t\t\t<div class=\"elementor-widget-wrap elementor-element-populated\">\n\t\t\t\t\t\t<div class=\"elementor-element elementor-element-a1a2aeb elementor-widget elementor-widget-image\" data-id=\"a1a2aeb\" data-element_type=\"widget\" data-e-type=\"widget\" data-widget_type=\"image.default\">\n\t\t\t\t<div class=\"elementor-widget-container\">\n\t\t\t\t\t\t\t\t\t\t\t\t\t\t\t<img fetchpriority=\"high\" decoding=\"async\" width=\"1024\" height=\"576\" src=\"https:\/\/www.psproyectosyservicios.com\/wp-content\/uploads\/2021\/04\/sfsdfsdfsdfsdf-1024x576-1.jpg\" class=\"attachment-large size-large wp-image-3036\" alt=\"\" srcset=\"https:\/\/www.psproyectosyservicios.com\/wp-content\/uploads\/2021\/04\/sfsdfsdfsdfsdf-1024x576-1.jpg 1024w, https:\/\/www.psproyectosyservicios.com\/wp-content\/uploads\/2021\/04\/sfsdfsdfsdfsdf-1024x576-1-600x338.jpg 600w, https:\/\/www.psproyectosyservicios.com\/wp-content\/uploads\/2021\/04\/sfsdfsdfsdfsdf-1024x576-1-300x169.jpg 300w, https:\/\/www.psproyectosyservicios.com\/wp-content\/uploads\/2021\/04\/sfsdfsdfsdfsdf-1024x576-1-768x432.jpg 768w\" sizes=\"(max-width: 1024px) 100vw, 1024px\" \/>\t\t\t\t\t\t\t\t\t\t\t\t\t\t\t<\/div>\n\t\t\t\t<\/div>\n\t\t\t\t\t<\/div>\n\t\t<\/div>\n\t\t\t\t<div class=\"elementor-column elementor-col-50 elementor-top-column elementor-element elementor-element-4e0fade\" data-id=\"4e0fade\" data-element_type=\"column\" data-e-type=\"column\">\n\t\t\t<div class=\"elementor-widget-wrap elementor-element-populated\">\n\t\t\t\t\t\t<div class=\"elementor-element elementor-element-2dd8478 elementor-widget elementor-widget-heading\" data-id=\"2dd8478\" data-element_type=\"widget\" data-e-type=\"widget\" data-widget_type=\"heading.default\">\n\t\t\t\t<div class=\"elementor-widget-container\">\n\t\t\t\t\t<h3 class=\"elementor-heading-title elementor-size-default\">\u00bfPOR QU\u00c9 INVERTIR EN PLANTACIONES FORESTALES?<\/h3>\t\t\t\t<\/div>\n\t\t\t\t<\/div>\n\t\t\t\t<div class=\"elementor-element elementor-element-a4c4a0a elementor-widget elementor-widget-text-editor\" data-id=\"a4c4a0a\" data-element_type=\"widget\" data-e-type=\"widget\" data-widget_type=\"text-editor.default\">\n\t\t\t\t<div class=\"elementor-widget-container\">\n\t\t\t\t\t\t\t\t\t<p style=\"text-align: left;\">Una plantaci\u00f3n forestal consiste en la siembra o establecimiento de \u00e1rboles que conforman una masa boscosa y que tiene un dise\u00f1o, tama\u00f1o y especies definidas para cumplir objetivos espec\u00edficos, como plantaci\u00f3n productiva, obtenci\u00f3n de productos maderables y no maderbales, fuente energ\u00e9tica, reducci\u00f3n de gases efecto invernadero, protecci\u00f3n de zonas agr\u00edcolas o ecosistemas, correcci\u00f3n de problemas de erosi\u00f3n, entre otras.<\/p>\t\t\t\t\t\t\t\t<\/div>\n\t\t\t\t<\/div>\n\t\t\t\t\t<\/div>\n\t\t<\/div>\n\t\t\t\t\t<\/div>\n\t\t<\/section>\n\t\t\t\t<section class=\"elementor-section elementor-top-section elementor-element elementor-element-620f52a elementor-section-boxed elementor-section-height-default elementor-section-height-default\" data-id=\"620f52a\" data-element_type=\"section\" data-e-type=\"section\">\n\t\t\t\t\t\t<div class=\"elementor-container elementor-column-gap-default\">\n\t\t\t\t\t<div class=\"elementor-column elementor-col-100 elementor-top-column elementor-element elementor-element-85bc491\" data-id=\"85bc491\" data-element_type=\"column\" data-e-type=\"column\">\n\t\t\t<div class=\"elementor-widget-wrap elementor-element-populated\">\n\t\t\t\t\t\t<div class=\"elementor-element elementor-element-e1ceec3 elementor-widget elementor-widget-spacer\" data-id=\"e1ceec3\" data-element_type=\"widget\" data-e-type=\"widget\" data-widget_type=\"spacer.default\">\n\t\t\t\t<div class=\"elementor-widget-container\">\n\t\t\t\t\t\t\t<div class=\"elementor-spacer\">\n\t\t\t<div class=\"elementor-spacer-inner\"><\/div>\n\t\t<\/div>\n\t\t\t\t\t\t<\/div>\n\t\t\t\t<\/div>\n\t\t\t\t<div class=\"elementor-element elementor-element-90c1425 elementor-widget elementor-widget-heading\" data-id=\"90c1425\" data-element_type=\"widget\" data-e-type=\"widget\" data-widget_type=\"heading.default\">\n\t\t\t\t<div class=\"elementor-widget-container\">\n\t\t\t\t\t<h2 class=\"elementor-heading-title elementor-size-default\">VENTAJAS TRIBUTARIAS<\/h2>\t\t\t\t<\/div>\n\t\t\t\t<\/div>\n\t\t\t\t<div class=\"elementor-element elementor-element-e48c0be elementor-widget elementor-widget-text-editor\" data-id=\"e48c0be\" data-element_type=\"widget\" data-e-type=\"widget\" data-widget_type=\"text-editor.default\">\n\t\t\t\t<div class=\"elementor-widget-container\">\n\t\t\t\t\t\t\t\t\t<ul><li><strong>LEY 812 de 2003<\/strong> <em>(Art. 31).<\/em> Permite descontar el monto del impuesto sobre larenta hasta el 30 % de la inversi\u00f3n directa en cultivos forestales (hasta el 20 %del impuesto b\u00e1sico de la renta). (Etapa inversi\u00f3n)<\/li><li><strong>ESTATUTO TRIBUTARIO<\/strong> <em>(Art. 157).<\/em> ermite deducir de la renta el valor de lainversiones realizadas en nuevas plantaciones de reforestaci\u00f3n o en empresasespecializadas (hasta el 10% de la renta gravable). (Etapa inversi\u00f3n)<\/li><li><strong>LEY 788 de 2002<\/strong> <em>(Art. 18).<\/em> La renta generada por el aprovechamiento denuevas plantaciones forestales y aserr\u00edos; es exenta de impuesto. (Etapaaprovechamiento)<\/li><li><strong>ESTATUTO TRIBUTARIO (Art. 83).<\/strong> Permite presumir que hasta el 80 % delingreso de venta de los productos de plantaciones forestales corresponde a loscostos y deducciones inherentes a su producci\u00f3n. (Etapa aprovechamiento)<\/li><\/ul>\t\t\t\t\t\t\t\t<\/div>\n\t\t\t\t<\/div>\n\t\t\t\t<div class=\"elementor-element elementor-element-7d278f5 elementor-widget elementor-widget-spacer\" data-id=\"7d278f5\" data-element_type=\"widget\" data-e-type=\"widget\" data-widget_type=\"spacer.default\">\n\t\t\t\t<div class=\"elementor-widget-container\">\n\t\t\t\t\t\t\t<div class=\"elementor-spacer\">\n\t\t\t<div class=\"elementor-spacer-inner\"><\/div>\n\t\t<\/div>\n\t\t\t\t\t\t<\/div>\n\t\t\t\t<\/div>\n\t\t\t\t<div class=\"elementor-element elementor-element-a69c2f3 elementor-arrows-position-inside elementor-pagination-position-outside elementor-widget elementor-widget-image-carousel\" data-id=\"a69c2f3\" data-element_type=\"widget\" data-e-type=\"widget\" data-settings=\"{&quot;navigation&quot;:&quot;both&quot;,&quot;autoplay&quot;:&quot;yes&quot;,&quot;pause_on_hover&quot;:&quot;yes&quot;,&quot;pause_on_interaction&quot;:&quot;yes&quot;,&quot;autoplay_speed&quot;:5000,&quot;infinite&quot;:&quot;yes&quot;,&quot;speed&quot;:500}\" data-widget_type=\"image-carousel.default\">\n\t\t\t\t<div class=\"elementor-widget-container\">\n\t\t\t\t\t\t\t<div class=\"elementor-image-carousel-wrapper swiper\" role=\"region\" aria-roledescription=\"carousel\" aria-label=\"Carrusel de im\u00e1genes\" dir=\"ltr\">\n\t\t\t<div class=\"elementor-image-carousel swiper-wrapper\" aria-live=\"off\">\n\t\t\t\t\t\t\t\t<div class=\"swiper-slide\" role=\"group\" aria-roledescription=\"slide\" aria-label=\"1 of 4\"><figure class=\"swiper-slide-inner\"><img decoding=\"async\" class=\"swiper-slide-image\" src=\"https:\/\/www.psproyectosyservicios.com\/wp-content\/uploads\/2021\/04\/new_generation_plantatio_wwf-1-630x300.jpg\" alt=\"new_generation_plantatio_wwf\" \/><\/figure><\/div><div class=\"swiper-slide\" role=\"group\" aria-roledescription=\"slide\" aria-label=\"2 of 4\"><figure class=\"swiper-slide-inner\"><img decoding=\"async\" class=\"swiper-slide-image\" src=\"https:\/\/www.psproyectosyservicios.com\/wp-content\/uploads\/2021\/04\/Dr6nEKnV4AAgMoc-1-630x300.jpg\" alt=\"Dr6nEKnV4AAgMoc\" \/><\/figure><\/div><div class=\"swiper-slide\" role=\"group\" aria-roledescription=\"slide\" aria-label=\"3 of 4\"><figure class=\"swiper-slide-inner\"><img decoding=\"async\" class=\"swiper-slide-image\" src=\"https:\/\/www.psproyectosyservicios.com\/wp-content\/uploads\/2021\/04\/main-5752-1-630x300.jpeg\" alt=\"main-5752\" \/><\/figure><\/div><div class=\"swiper-slide\" role=\"group\" aria-roledescription=\"slide\" aria-label=\"4 of 4\"><figure class=\"swiper-slide-inner\"><img decoding=\"async\" class=\"swiper-slide-image\" src=\"https:\/\/www.psproyectosyservicios.com\/wp-content\/uploads\/2021\/04\/DSC00006-1-630x300.jpg\" alt=\"DSC00006\" \/><\/figure><\/div>\t\t\t<\/div>\n\t\t\t\t\t\t\t\t\t\t\t\t<div class=\"elementor-swiper-button elementor-swiper-button-prev\" role=\"button\" tabindex=\"0\">\n\t\t\t\t\t\t<i aria-hidden=\"true\" class=\"eicon-chevron-left\"><\/i>\t\t\t\t\t<\/div>\n\t\t\t\t\t<div class=\"elementor-swiper-button elementor-swiper-button-next\" role=\"button\" tabindex=\"0\">\n\t\t\t\t\t\t<i aria-hidden=\"true\" class=\"eicon-chevron-right\"><\/i>\t\t\t\t\t<\/div>\n\t\t\t\t\n\t\t\t\t\t\t\t\t\t<div class=\"swiper-pagination\"><\/div>\n\t\t\t\t\t\t\t\t\t<\/div>\n\t\t\t\t\t\t<\/div>\n\t\t\t\t<\/div>\n\t\t\t\t<div class=\"elementor-element elementor-element-e82f3e2 elementor-widget elementor-widget-heading\" data-id=\"e82f3e2\" data-element_type=\"widget\" data-e-type=\"widget\" data-widget_type=\"heading.default\">\n\t\t\t\t<div class=\"elementor-widget-container\">\n\t\t\t\t\t<h2 class=\"elementor-heading-title elementor-size-default\">VENTAJAS JUR\u00cdDICAS<\/h2>\t\t\t\t<\/div>\n\t\t\t\t<\/div>\n\t\t\t\t<section class=\"elementor-section elementor-inner-section elementor-element elementor-element-9fcbac0 elementor-section-boxed elementor-section-height-default elementor-section-height-default\" data-id=\"9fcbac0\" data-element_type=\"section\" data-e-type=\"section\">\n\t\t\t\t\t\t<div class=\"elementor-container elementor-column-gap-default\">\n\t\t\t\t\t<div class=\"elementor-column elementor-col-50 elementor-inner-column elementor-element elementor-element-bdb98b0\" data-id=\"bdb98b0\" data-element_type=\"column\" data-e-type=\"column\">\n\t\t\t<div class=\"elementor-widget-wrap elementor-element-populated\">\n\t\t\t\t\t\t<div class=\"elementor-element elementor-element-d767cec elementor-widget elementor-widget-text-editor\" data-id=\"d767cec\" data-element_type=\"widget\" data-e-type=\"widget\" data-widget_type=\"text-editor.default\">\n\t\t\t\t<div class=\"elementor-widget-container\">\n\t\t\t\t\t\t\t\t\t<ul>\n<li><strong>Ley 139 de 1994<\/strong>, Se crea un certificado de incentivo forestal (CIF) o aporte directo en dinero, como un reconocimiento del Estado a las externalidades positivas de la forestaci\u00f3n, desde el establecimiento hasta el quinto a\u00f1o de plantaci\u00f3n.<\/li><\/ul><div><br><\/div><ul>\n<li><strong>Ley 139 de 1994<\/strong> (Art. 12) Las \u00e1reas en proceso de desarrollo forestal y que est\u00e9n cubiertas con el Certificado de Incentivo Forestal CIF no ser\u00e1n sujetas de programas de reforma agraria.<\/li><\/ul><div><br><\/div><ul>\n<li><strong>Ley 1819 de 2016<\/strong> Impuesto al Carbono por el uso de combustibles f\u00f3siles.<\/li><\/ul><div><br><\/div><ul>\n<li>Seguro forestal (Logiseguros)<\/li>\n<\/ul>\t\t\t\t\t\t\t\t<\/div>\n\t\t\t\t<\/div>\n\t\t\t\t\t<\/div>\n\t\t<\/div>\n\t\t\t\t<div class=\"elementor-column elementor-col-50 elementor-inner-column elementor-element elementor-element-09b88a5\" data-id=\"09b88a5\" data-element_type=\"column\" data-e-type=\"column\">\n\t\t\t<div class=\"elementor-widget-wrap elementor-element-populated\">\n\t\t\t\t\t\t<div class=\"elementor-element elementor-element-5eed890 elementor-widget elementor-widget-image\" data-id=\"5eed890\" data-element_type=\"widget\" data-e-type=\"widget\" data-widget_type=\"image.default\">\n\t\t\t\t<div class=\"elementor-widget-container\">\n\t\t\t\t\t\t\t\t\t\t\t\t\t\t\t<img decoding=\"async\" width=\"768\" height=\"768\" src=\"https:\/\/www.psproyectosyservicios.com\/wp-content\/uploads\/2021\/04\/1366_2000-768x768.jpg\" class=\"attachment-medium_large size-medium_large wp-image-3062\" alt=\"\" srcset=\"https:\/\/www.psproyectosyservicios.com\/wp-content\/uploads\/2021\/04\/1366_2000-768x768.jpg 768w, https:\/\/www.psproyectosyservicios.com\/wp-content\/uploads\/2021\/04\/1366_2000-300x300.jpg 300w, https:\/\/www.psproyectosyservicios.com\/wp-content\/uploads\/2021\/04\/1366_2000-100x100.jpg 100w, https:\/\/www.psproyectosyservicios.com\/wp-content\/uploads\/2021\/04\/1366_2000-600x600.jpg 600w, https:\/\/www.psproyectosyservicios.com\/wp-content\/uploads\/2021\/04\/1366_2000-1024x1024.jpg 1024w, https:\/\/www.psproyectosyservicios.com\/wp-content\/uploads\/2021\/04\/1366_2000-150x150.jpg 150w, https:\/\/www.psproyectosyservicios.com\/wp-content\/uploads\/2021\/04\/1366_2000.jpg 1080w\" sizes=\"(max-width: 768px) 100vw, 768px\" \/>\t\t\t\t\t\t\t\t\t\t\t\t\t\t\t<\/div>\n\t\t\t\t<\/div>\n\t\t\t\t\t<\/div>\n\t\t<\/div>\n\t\t\t\t\t<\/div>\n\t\t<\/section>\n\t\t\t\t<div class=\"elementor-element elementor-element-6d74e7c elementor-widget elementor-widget-heading\" data-id=\"6d74e7c\" data-element_type=\"widget\" data-e-type=\"widget\" data-widget_type=\"heading.default\">\n\t\t\t\t<div class=\"elementor-widget-container\">\n\t\t\t\t\t<h2 class=\"elementor-heading-title elementor-size-default\">VENTAJAS ECON\u00d3MICAS<\/h2>\t\t\t\t<\/div>\n\t\t\t\t<\/div>\n\t\t\t\t<section class=\"elementor-section elementor-inner-section elementor-element elementor-element-f1b35e6 elementor-section-boxed elementor-section-height-default elementor-section-height-default\" data-id=\"f1b35e6\" data-element_type=\"section\" data-e-type=\"section\">\n\t\t\t\t\t\t<div class=\"elementor-container elementor-column-gap-default\">\n\t\t\t\t\t<div class=\"elementor-column elementor-col-50 elementor-inner-column elementor-element elementor-element-fcf5862\" data-id=\"fcf5862\" data-element_type=\"column\" data-e-type=\"column\">\n\t\t\t<div class=\"elementor-widget-wrap elementor-element-populated\">\n\t\t\t\t\t\t<div class=\"elementor-element elementor-element-f34d0ea elementor-widget elementor-widget-image\" data-id=\"f34d0ea\" data-element_type=\"widget\" data-e-type=\"widget\" data-widget_type=\"image.default\">\n\t\t\t\t<div class=\"elementor-widget-container\">\n\t\t\t\t\t\t\t\t\t\t\t\t\t\t\t<img decoding=\"async\" width=\"768\" height=\"768\" src=\"https:\/\/www.psproyectosyservicios.com\/wp-content\/uploads\/2021\/04\/crisis-del-campo-uruguay-1920-3-768x768.jpg\" class=\"attachment-medium_large size-medium_large wp-image-3067\" alt=\"\" srcset=\"https:\/\/www.psproyectosyservicios.com\/wp-content\/uploads\/2021\/04\/crisis-del-campo-uruguay-1920-3-768x768.jpg 768w, https:\/\/www.psproyectosyservicios.com\/wp-content\/uploads\/2021\/04\/crisis-del-campo-uruguay-1920-3-300x300.jpg 300w, https:\/\/www.psproyectosyservicios.com\/wp-content\/uploads\/2021\/04\/crisis-del-campo-uruguay-1920-3-100x100.jpg 100w, https:\/\/www.psproyectosyservicios.com\/wp-content\/uploads\/2021\/04\/crisis-del-campo-uruguay-1920-3-600x600.jpg 600w, https:\/\/www.psproyectosyservicios.com\/wp-content\/uploads\/2021\/04\/crisis-del-campo-uruguay-1920-3-1024x1024.jpg 1024w, https:\/\/www.psproyectosyservicios.com\/wp-content\/uploads\/2021\/04\/crisis-del-campo-uruguay-1920-3-150x150.jpg 150w, https:\/\/www.psproyectosyservicios.com\/wp-content\/uploads\/2021\/04\/crisis-del-campo-uruguay-1920-3.jpg 1080w\" sizes=\"(max-width: 768px) 100vw, 768px\" \/>\t\t\t\t\t\t\t\t\t\t\t\t\t\t\t<\/div>\n\t\t\t\t<\/div>\n\t\t\t\t\t<\/div>\n\t\t<\/div>\n\t\t\t\t<div class=\"elementor-column elementor-col-50 elementor-inner-column elementor-element elementor-element-3b56806\" data-id=\"3b56806\" data-element_type=\"column\" data-e-type=\"column\">\n\t\t\t<div class=\"elementor-widget-wrap elementor-element-populated\">\n\t\t\t\t\t\t<div class=\"elementor-element elementor-element-d4be98d elementor-widget elementor-widget-text-editor\" data-id=\"d4be98d\" data-element_type=\"widget\" data-e-type=\"widget\" data-widget_type=\"text-editor.default\">\n\t\t\t\t<div class=\"elementor-widget-container\">\n\t\t\t\t\t\t\t\t\t<p>\u2022CIF &#8211; Certificado de Incentivo Forestal<\/p><p>\u2022Disponibilidad de grandes \u00e1reas para proyectos a escala<\/p><p>\u2022Predios econ\u00f3micos<\/p><p>\u2022Bajos costos de implementaci\u00f3n por sus caracter\u00edsticas geogr\u00e1ficas<\/p><p>\u2022Disponibilidad de mano de obra<\/p><p>\u2022Alta demanda de productos maderables y no maderables en el mercado<\/p>\t\t\t\t\t\t\t\t<\/div>\n\t\t\t\t<\/div>\n\t\t\t\t\t<\/div>\n\t\t<\/div>\n\t\t\t\t\t<\/div>\n\t\t<\/section>\n\t\t\t\t\t<\/div>\n\t\t<\/div>\n\t\t\t\t\t<\/div>\n\t\t<\/section>\n\t\t\t\t<\/div>\n\t\t","protected":false},"excerpt":{"rendered":"<p>La gesti\u00f3n ambiental es la estrategia o plan de actuaci\u00f3n con el que se intenta organizar toda la serie de [&hellip;]<\/p>\n","protected":false},"author":1,"featured_media":0,"parent":0,"menu_order":0,"comment_status":"closed","ping_status":"closed","template":"page-templates\/template-pagebuilder-full-width.php","meta":{"site-sidebar-layout":"default","site-content-layout":"","ast-site-content-layout":"default","site-content-style":"default","site-sidebar-style":"default","ast-global-header-display":"","ast-banner-title-visibility":"","ast-main-header-display":"","ast-hfb-above-header-display":"","ast-hfb-below-header-display":"","ast-hfb-mobile-header-display":"","site-post-title":"","ast-breadcrumbs-content":"","ast-featured-img":"","footer-sml-layout":"","ast-disable-related-posts":"","theme-transparent-header-meta":"","adv-header-id-meta":"","stick-header-meta":"","header-above-stick-meta":"","header-main-stick-meta":"","header-below-stick-meta":"","astra-migrate-meta-layouts":"default","ast-page-background-enabled":"default","ast-page-background-meta":{"desktop":{"background-color":"var(--ast-global-color-5)","background-image":"","background-repeat":"repeat","background-position":"center center","background-size":"auto","background-attachment":"scroll","background-type":"","background-media":"","overlay-type":"","overlay-color":"","overlay-opacity":"","overlay-gradient":""},"tablet":{"background-color":"","background-image":"","background-repeat":"repeat","background-position":"center center","background-size":"auto","background-attachment":"scroll","background-type":"","background-media":"","overlay-type":"","overlay-color":"","overlay-opacity":"","overlay-gradient":""},"mobile":{"background-color":"","background-image":"","background-repeat":"repeat","background-position":"center center","background-size":"auto","background-attachment":"scroll","background-type":"","background-media":"","overlay-type":"","overlay-color":"","overlay-opacity":"","overlay-gradient":""}},"ast-content-background-meta":{"desktop":{"background-color":"var(--ast-global-color-4)","background-image":"","background-repeat":"repeat","background-position":"center center","background-size":"auto","background-attachment":"scroll","background-type":"","background-media":"","overlay-type":"","overlay-color":"","overlay-opacity":"","overlay-gradient":""},"tablet":{"background-color":"var(--ast-global-color-4)","background-image":"","background-repeat":"repeat","background-position":"center center","background-size":"auto","background-attachment":"scroll","background-type":"","background-media":"","overlay-type":"","overlay-color":"","overlay-opacity":"","overlay-gradient":""},"mobile":{"background-color":"var(--ast-global-color-4)","background-image":"","background-repeat":"repeat","background-position":"center center","background-size":"auto","background-attachment":"scroll","background-type":"","background-media":"","overlay-type":"","overlay-color":"","overlay-opacity":"","overlay-gradient":""}},"footnotes":""},"class_list":["post-2806","page","type-page","status-publish","hentry"],"jetpack_sharing_enabled":true,"_links":{"self":[{"href":"https:\/\/www.psproyectosyservicios.com\/inicio\/index.php?rest_route=\/wp\/v2\/pages\/2806","targetHints":{"allow":["GET"]}}],"collection":[{"href":"https:\/\/www.psproyectosyservicios.com\/inicio\/index.php?rest_route=\/wp\/v2\/pages"}],"about":[{"href":"https:\/\/www.psproyectosyservicios.com\/inicio\/index.php?rest_route=\/wp\/v2\/types\/page"}],"author":[{"embeddable":true,"href":"https:\/\/www.psproyectosyservicios.com\/inicio\/index.php?rest_route=\/wp\/v2\/users\/1"}],"replies":[{"embeddable":true,"href":"https:\/\/www.psproyectosyservicios.com\/inicio\/index.php?rest_route=%2Fwp%2Fv2%2Fcomments&post=2806"}],"version-history":[{"count":43,"href":"https:\/\/www.psproyectosyservicios.com\/inicio\/index.php?rest_route=\/wp\/v2\/pages\/2806\/revisions"}],"predecessor-version":[{"id":3230,"href":"https:\/\/www.psproyectosyservicios.com\/inicio\/index.php?rest_route=\/wp\/v2\/pages\/2806\/revisions\/3230"}],"wp:attachment":[{"href":"https:\/\/www.psproyectosyservicios.com\/inicio\/index.php?rest_route=%2Fwp%2Fv2%2Fmedia&parent=2806"}],"curies":[{"name":"wp","href":"https:\/\/api.w.org\/{rel}","templated":true}]}}