{"id":2814,"date":"2020-08-11T20:37:24","date_gmt":"2020-08-12T01:37:24","guid":{"rendered":"https:\/\/www.psproyectosyservicios.com\/?page_id=2814"},"modified":"2022-01-18T18:38:51","modified_gmt":"2022-01-18T23:38:51","slug":"capacitacion","status":"publish","type":"page","link":"https:\/\/www.psproyectosyservicios.com\/inicio\/?page_id=2814","title":{"rendered":"CAPACITACI\u00d3N"},"content":{"rendered":"\t\t<div data-elementor-type=\"wp-page\" data-elementor-id=\"2814\" class=\"elementor elementor-2814\">\n\t\t\t\t\t\t<section class=\"elementor-section elementor-top-section elementor-element elementor-element-067ecad elementor-section-boxed elementor-section-height-default elementor-section-height-default\" data-id=\"067ecad\" data-element_type=\"section\" data-e-type=\"section\">\n\t\t\t\t\t\t<div class=\"elementor-container elementor-column-gap-default\">\n\t\t\t\t\t<div class=\"elementor-column elementor-col-100 elementor-top-column elementor-element elementor-element-509ebd3\" data-id=\"509ebd3\" data-element_type=\"column\" data-e-type=\"column\">\n\t\t\t<div class=\"elementor-widget-wrap elementor-element-populated\">\n\t\t\t\t\t\t\t<\/div>\n\t\t<\/div>\n\t\t\t\t\t<\/div>\n\t\t<\/section>\n\t\t\t\t<section class=\"elementor-section elementor-top-section elementor-element elementor-element-66f853f elementor-section-boxed elementor-section-height-default elementor-section-height-default\" data-id=\"66f853f\" data-element_type=\"section\" data-e-type=\"section\">\n\t\t\t\t\t\t<div class=\"elementor-container elementor-column-gap-default\">\n\t\t\t\t\t<div class=\"elementor-column elementor-col-100 elementor-top-column elementor-element elementor-element-31cead1\" data-id=\"31cead1\" data-element_type=\"column\" data-e-type=\"column\">\n\t\t\t<div class=\"elementor-widget-wrap elementor-element-populated\">\n\t\t\t\t\t\t<div class=\"elementor-element elementor-element-488ad5c elementor-widget elementor-widget-text-editor\" data-id=\"488ad5c\" data-element_type=\"widget\" data-e-type=\"widget\" data-widget_type=\"text-editor.default\">\n\t\t\t\t<div class=\"elementor-widget-container\">\n\t\t\t\t\t\t\t\t\t<p><b>La capacitaci\u00f3n se define como el conjunto de actividades did\u00e1cticas, orientadas a ampliar los conocimientos, habilidades y aptitudes del personal que labora en una empresa. La capacitaci\u00f3n les permite a los trabajadores poder tener un mejor desempe\u00f1o en sus actuales y futuros cargos.<\/b><\/p>\t\t\t\t\t\t\t\t<\/div>\n\t\t\t\t<\/div>\n\t\t\t\t\t<\/div>\n\t\t<\/div>\n\t\t\t\t\t<\/div>\n\t\t<\/section>\n\t\t\t\t<section class=\"elementor-section elementor-top-section elementor-element elementor-element-6aa1e37 elementor-section-boxed elementor-section-height-default elementor-section-height-default\" data-id=\"6aa1e37\" data-element_type=\"section\" data-e-type=\"section\">\n\t\t\t\t\t\t<div class=\"elementor-container elementor-column-gap-default\">\n\t\t\t\t\t<div class=\"elementor-column elementor-col-100 elementor-top-column elementor-element elementor-element-8f2f875\" data-id=\"8f2f875\" data-element_type=\"column\" data-e-type=\"column\">\n\t\t\t<div class=\"elementor-widget-wrap elementor-element-populated\">\n\t\t\t\t\t\t<div class=\"elementor-element elementor-element-ea6bd41 elementor-widget elementor-widget-toggle\" data-id=\"ea6bd41\" data-element_type=\"widget\" data-e-type=\"widget\" data-widget_type=\"toggle.default\">\n\t\t\t\t<div class=\"elementor-widget-container\">\n\t\t\t\t\t\t\t<div class=\"elementor-toggle\">\n\t\t\t\t\t\t\t<div class=\"elementor-toggle-item\">\n\t\t\t\t\t<div id=\"elementor-tab-title-2451\" class=\"elementor-tab-title\" data-tab=\"1\" role=\"button\" aria-controls=\"elementor-tab-content-2451\" aria-expanded=\"false\">\n\t\t\t\t\t\t\t\t\t\t\t\t<span class=\"elementor-toggle-icon elementor-toggle-icon-left\" aria-hidden=\"true\">\n\t\t\t\t\t\t\t\t\t\t\t\t\t\t\t<span class=\"elementor-toggle-icon-closed\"><i class=\"fas fa-caret-right\"><\/i><\/span>\n\t\t\t\t\t\t\t\t<span class=\"elementor-toggle-icon-opened\"><i class=\"elementor-toggle-icon-opened fas fa-caret-up\"><\/i><\/span>\n\t\t\t\t\t\t\t\t\t\t\t\t\t<\/span>\n\t\t\t\t\t\t\t\t\t\t\t\t<a class=\"elementor-toggle-title\" tabindex=\"0\">Capacitaci\u00f3n<\/a>\n\t\t\t\t\t<\/div>\n\n\t\t\t\t\t<div id=\"elementor-tab-content-2451\" class=\"elementor-tab-content elementor-clearfix\" data-tab=\"1\" role=\"region\" aria-labelledby=\"elementor-tab-title-2451\"><ol><li>Sistemas de gesti\u00f3n Normas ISO 14001, ISO 9001, OSHAS 18001, NORSOK Y GUIA RUC.<\/li><li>Gesti\u00f3n integral de residuos.<\/li><li>Planes de emergencia.<\/li><li>Uso eficiente de agua y energ\u00eda.<\/li><li>Comit\u00e9 Paritario de Seguridad y Salud en el Trabajo (COPASST).<\/li><li>Investigaci\u00f3n de accidentes de trabajo.<\/li><li>Comit\u00e9 de convivencia.<\/li><li>Aspectos b\u00e1sicos legales en Seguridad y Salud en el trabajo.<\/li><li>Factores de riesgo; ruido, mec\u00e1nico, el\u00e9ctrico, locativo, qu\u00edmico, espacios confinados.<\/li><li>Inspecciones de seguridad.<\/li><li>Riesgo qu\u00edmico, hojas de seguridad.<\/li><li>Uso y cuidado de los elementos de protecci\u00f3n personal.<\/li><\/ol><\/div>\n\t\t\t\t<\/div>\n\t\t\t\t\t\t\t\t<\/div>\n\t\t\t\t\t\t<\/div>\n\t\t\t\t<\/div>\n\t\t\t\t\t<\/div>\n\t\t<\/div>\n\t\t\t\t\t<\/div>\n\t\t<\/section>\n\t\t\t\t<\/div>\n\t\t","protected":false},"excerpt":{"rendered":"<p>La capacitaci\u00f3n se define como el conjunto de actividades did\u00e1cticas, orientadas a ampliar los conocimientos, habilidades y aptitudes del personal [&hellip;]<\/p>\n","protected":false},"author":1,"featured_media":0,"parent":0,"menu_order":0,"comment_status":"closed","ping_status":"closed","template":"page-templates\/template-pagebuilder-full-width.php","meta":{"site-sidebar-layout":"default","site-content-layout":"","ast-site-content-layout":"default","site-content-style":"default","site-sidebar-style":"default","ast-global-header-display":"","ast-banner-title-visibility":"","ast-main-header-display":"","ast-hfb-above-header-display":"","ast-hfb-below-header-display":"","ast-hfb-mobile-header-display":"","site-post-title":"","ast-breadcrumbs-content":"","ast-featured-img":"","footer-sml-layout":"","ast-disable-related-posts":"","theme-transparent-header-meta":"","adv-header-id-meta":"","stick-header-meta":"","header-above-stick-meta":"","header-main-stick-meta":"","header-below-stick-meta":"","astra-migrate-meta-layouts":"default","ast-page-background-enabled":"default","ast-page-background-meta":{"desktop":{"background-color":"var(--ast-global-color-5)","background-image":"","background-repeat":"repeat","background-position":"center center","background-size":"auto","background-attachment":"scroll","background-type":"","background-media":"","overlay-type":"","overlay-color":"","overlay-opacity":"","overlay-gradient":""},"tablet":{"background-color":"","background-image":"","background-repeat":"repeat","background-position":"center center","background-size":"auto","background-attachment":"scroll","background-type":"","background-media":"","overlay-type":"","overlay-color":"","overlay-opacity":"","overlay-gradient":""},"mobile":{"background-color":"","background-image":"","background-repeat":"repeat","background-position":"center center","background-size":"auto","background-attachment":"scroll","background-type":"","background-media":"","overlay-type":"","overlay-color":"","overlay-opacity":"","overlay-gradient":""}},"ast-content-background-meta":{"desktop":{"background-color":"var(--ast-global-color-4)","background-image":"","background-repeat":"repeat","background-position":"center center","background-size":"auto","background-attachment":"scroll","background-type":"","background-media":"","overlay-type":"","overlay-color":"","overlay-opacity":"","overlay-gradient":""},"tablet":{"background-color":"var(--ast-global-color-4)","background-image":"","background-repeat":"repeat","background-position":"center center","background-size":"auto","background-attachment":"scroll","background-type":"","background-media":"","overlay-type":"","overlay-color":"","overlay-opacity":"","overlay-gradient":""},"mobile":{"background-color":"var(--ast-global-color-4)","background-image":"","background-repeat":"repeat","background-position":"center center","background-size":"auto","background-attachment":"scroll","background-type":"","background-media":"","overlay-type":"","overlay-color":"","overlay-opacity":"","overlay-gradient":""}},"footnotes":""},"class_list":["post-2814","page","type-page","status-publish","hentry"],"jetpack_sharing_enabled":true,"_links":{"self":[{"href":"https:\/\/www.psproyectosyservicios.com\/inicio\/index.php?rest_route=\/wp\/v2\/pages\/2814","targetHints":{"allow":["GET"]}}],"collection":[{"href":"https:\/\/www.psproyectosyservicios.com\/inicio\/index.php?rest_route=\/wp\/v2\/pages"}],"about":[{"href":"https:\/\/www.psproyectosyservicios.com\/inicio\/index.php?rest_route=\/wp\/v2\/types\/page"}],"author":[{"embeddable":true,"href":"https:\/\/www.psproyectosyservicios.com\/inicio\/index.php?rest_route=\/wp\/v2\/users\/1"}],"replies":[{"embeddable":true,"href":"https:\/\/www.psproyectosyservicios.com\/inicio\/index.php?rest_route=%2Fwp%2Fv2%2Fcomments&post=2814"}],"version-history":[{"count":8,"href":"https:\/\/www.psproyectosyservicios.com\/inicio\/index.php?rest_route=\/wp\/v2\/pages\/2814\/revisions"}],"predecessor-version":[{"id":3233,"href":"https:\/\/www.psproyectosyservicios.com\/inicio\/index.php?rest_route=\/wp\/v2\/pages\/2814\/revisions\/3233"}],"wp:attachment":[{"href":"https:\/\/www.psproyectosyservicios.com\/inicio\/index.php?rest_route=%2Fwp%2Fv2%2Fmedia&parent=2814"}],"curies":[{"name":"wp","href":"https:\/\/api.w.org\/{rel}","templated":true}]}}