{"id":2834,"date":"2020-08-12T11:37:54","date_gmt":"2020-08-12T16:37:54","guid":{"rendered":"https:\/\/www.psproyectosyservicios.com\/?page_id=2834"},"modified":"2022-01-18T18:51:06","modified_gmt":"2022-01-18T23:51:06","slug":"medicina","status":"publish","type":"page","link":"https:\/\/www.psproyectosyservicios.com\/inicio\/?page_id=2834","title":{"rendered":"MEDICINA"},"content":{"rendered":"\t\t<div data-elementor-type=\"wp-page\" data-elementor-id=\"2834\" class=\"elementor elementor-2834\">\n\t\t\t\t\t\t<section class=\"elementor-section elementor-top-section elementor-element elementor-element-94fd27b elementor-section-boxed elementor-section-height-default elementor-section-height-default\" data-id=\"94fd27b\" data-element_type=\"section\" data-e-type=\"section\">\n\t\t\t\t\t\t<div class=\"elementor-container elementor-column-gap-default\">\n\t\t\t\t\t<div class=\"elementor-column elementor-col-100 elementor-top-column elementor-element elementor-element-fee0f7b\" data-id=\"fee0f7b\" data-element_type=\"column\" data-e-type=\"column\">\n\t\t\t<div class=\"elementor-widget-wrap elementor-element-populated\">\n\t\t\t\t\t\t\t<\/div>\n\t\t<\/div>\n\t\t\t\t\t<\/div>\n\t\t<\/section>\n\t\t\t\t<section class=\"elementor-section elementor-top-section elementor-element elementor-element-f887dce elementor-section-boxed elementor-section-height-default elementor-section-height-default\" data-id=\"f887dce\" data-element_type=\"section\" data-e-type=\"section\">\n\t\t\t\t\t\t<div class=\"elementor-container elementor-column-gap-default\">\n\t\t\t\t\t<div class=\"elementor-column elementor-col-100 elementor-top-column elementor-element elementor-element-14f1b76\" data-id=\"14f1b76\" data-element_type=\"column\" data-e-type=\"column\">\n\t\t\t<div class=\"elementor-widget-wrap elementor-element-populated\">\n\t\t\t\t\t\t<div class=\"elementor-element elementor-element-b8e2f85 elementor-widget elementor-widget-text-editor\" data-id=\"b8e2f85\" data-element_type=\"widget\" data-e-type=\"widget\" data-widget_type=\"text-editor.default\">\n\t\t\t\t<div class=\"elementor-widget-container\">\n\t\t\t\t\t\t\t\t\t<p><span><b>La medicina es la ciencia dedicada al estudio de la vida, la salud, las enfermedades y la muerte del ser humano y\/o animales no humanos, e implica ejercer tal conocimiento t\u00e9cnico para el mantenimiento y recuperaci\u00f3n de la salud, aplic\u00e1ndolo a la prevenci\u00f3n, diagn\u00f3stico y tratamiento de las enfermedades.<\/b><\/span><\/p>\t\t\t\t\t\t\t\t<\/div>\n\t\t\t\t<\/div>\n\t\t\t\t\t<\/div>\n\t\t<\/div>\n\t\t\t\t\t<\/div>\n\t\t<\/section>\n\t\t\t\t<section class=\"elementor-section elementor-top-section elementor-element elementor-element-5b2a84c elementor-section-boxed elementor-section-height-default elementor-section-height-default\" data-id=\"5b2a84c\" data-element_type=\"section\" data-e-type=\"section\">\n\t\t\t\t\t\t<div class=\"elementor-container elementor-column-gap-default\">\n\t\t\t\t\t<div class=\"elementor-column elementor-col-100 elementor-top-column elementor-element elementor-element-6294e30\" data-id=\"6294e30\" data-element_type=\"column\" data-e-type=\"column\">\n\t\t\t<div class=\"elementor-widget-wrap elementor-element-populated\">\n\t\t\t\t\t\t<div class=\"elementor-element elementor-element-2adfe15 elementor-widget elementor-widget-toggle\" data-id=\"2adfe15\" data-element_type=\"widget\" data-e-type=\"widget\" data-widget_type=\"toggle.default\">\n\t\t\t\t<div class=\"elementor-widget-container\">\n\t\t\t\t\t\t\t<div class=\"elementor-toggle\">\n\t\t\t\t\t\t\t<div class=\"elementor-toggle-item\">\n\t\t\t\t\t<div id=\"elementor-tab-title-4491\" class=\"elementor-tab-title\" data-tab=\"1\" role=\"button\" aria-controls=\"elementor-tab-content-4491\" aria-expanded=\"false\">\n\t\t\t\t\t\t\t\t\t\t\t\t<span class=\"elementor-toggle-icon elementor-toggle-icon-left\" aria-hidden=\"true\">\n\t\t\t\t\t\t\t\t\t\t\t\t\t\t\t<span class=\"elementor-toggle-icon-closed\"><i class=\"fas fa-caret-right\"><\/i><\/span>\n\t\t\t\t\t\t\t\t<span class=\"elementor-toggle-icon-opened\"><i class=\"elementor-toggle-icon-opened fas fa-caret-up\"><\/i><\/span>\n\t\t\t\t\t\t\t\t\t\t\t\t\t<\/span>\n\t\t\t\t\t\t\t\t\t\t\t\t<a class=\"elementor-toggle-title\" tabindex=\"0\">Medicina<\/a>\n\t\t\t\t\t<\/div>\n\n\t\t\t\t\t<div id=\"elementor-tab-content-4491\" class=\"elementor-tab-content elementor-clearfix\" data-tab=\"1\" role=\"region\" aria-labelledby=\"elementor-tab-title-4491\"><ol><li>Medicina preventiva y del trabajo.<\/li><li>Evaluaci\u00f3n\u00a0\u00a0 y\u00a0\u00a0 determinaci\u00f3n\u00a0\u00a0 de\u00a0\u00a0 planes\u00a0\u00a0 de\u00a0\u00a0 acci\u00f3n\u00a0\u00a0 seg\u00fan diagn\u00f3sticos condiciones de salud.<\/li><li>Dise\u00f1o, implementaci\u00f3n y seguimiento de sistemas de vigilancia epidemiol\u00f3gicos aplicables para la empresa.<\/li><li>Realizaci\u00f3n\u00a0\u00a0 de profesiogramas seg\u00fan riesgos y condiciones laborales individualizados por cargos.<\/li><li>Asesor\u00eda e implementaci\u00f3n de programa de ausentismo laboral medidos con indicadores<\/li><li>Estudios de\u00a0 relaci\u00f3n enfermedad general vs profesional.<\/li><li>Seguimiento m\u00e9dico patolog\u00edas laborales.<\/li><li>Seguimiento\u00a0 m\u00e9dico\u00a0 de\u00a0 patolog\u00edas\u00a0 de\u00a0 origen\u00a0 general\u00a0 que puedan dar origen a patolog\u00edas laborales.<\/li><li>Acompa\u00f1amiento reintegro laboral.<\/li><li>Asesor\u00eda\u00a0 \u00a0 \u00a0y acompa\u00f1amiento en casos\u00a0\u00a0\u00a0\u00a0 m\u00e9dicos\u00a0\u00a0\u00a0\u00a0 con recomendaciones y restricciones instauradas por la E.P.S., o ARL.<\/li><li>Asesor\u00eda casos m\u00e9dicos de enfermedad laboral, comprobada y en estudio.<\/li><li>Capacitaciones\u00a0 o\u00a0 charlas\u00a0 m\u00e9dicas\u00a0 con\u00a0 relaci\u00f3n\u00a0 laboral\u00a0 y sobre el riesgo.<\/li><li>Acompa\u00f1amiento y asesor\u00eda en la calificaci\u00f3n de enfermedades de origen.<\/li><li>Acompa\u00f1amiento\u00a0\u00a0 en\u00a0\u00a0 la\u00a0\u00a0 calificaci\u00f3n\u00a0\u00a0 perdida\u00a0\u00a0 de\u00a0\u00a0 capacidad laboral.<\/li><li>Realizaci\u00f3n\u00a0 de\u00a0 ex\u00e1menes\u00a0 m\u00e9dicos\u00a0 ocupacionales\u00a0 basados\u00a0 en los profesiogramas de las empresas<strong>.<\/strong><\/li><\/ol><\/div>\n\t\t\t\t<\/div>\n\t\t\t\t\t\t\t\t<\/div>\n\t\t\t\t\t\t<\/div>\n\t\t\t\t<\/div>\n\t\t\t\t<div class=\"elementor-element elementor-element-47a1cba elementor-widget-divider--view-line elementor-widget elementor-widget-divider\" data-id=\"47a1cba\" data-element_type=\"widget\" data-e-type=\"widget\" data-widget_type=\"divider.default\">\n\t\t\t\t<div class=\"elementor-widget-container\">\n\t\t\t\t\t\t\t<div class=\"elementor-divider\">\n\t\t\t<span class=\"elementor-divider-separator\">\n\t\t\t\t\t\t<\/span>\n\t\t<\/div>\n\t\t\t\t\t\t<\/div>\n\t\t\t\t<\/div>\n\t\t\t\t\t<\/div>\n\t\t<\/div>\n\t\t\t\t\t<\/div>\n\t\t<\/section>\n\t\t\t\t<section class=\"elementor-section elementor-top-section elementor-element elementor-element-a768053 elementor-section-boxed elementor-section-height-default elementor-section-height-default\" data-id=\"a768053\" data-element_type=\"section\" data-e-type=\"section\">\n\t\t\t\t\t\t<div class=\"elementor-container elementor-column-gap-default\">\n\t\t\t\t\t<div class=\"elementor-column elementor-col-100 elementor-top-column elementor-element elementor-element-50b9c0d\" data-id=\"50b9c0d\" data-element_type=\"column\" data-e-type=\"column\">\n\t\t\t<div class=\"elementor-widget-wrap elementor-element-populated\">\n\t\t\t\t\t\t<div class=\"elementor-element elementor-element-1fc8dfd elementor-widget elementor-widget-heading\" data-id=\"1fc8dfd\" data-element_type=\"widget\" data-e-type=\"widget\" data-widget_type=\"heading.default\">\n\t\t\t\t<div class=\"elementor-widget-container\">\n\t\t\t\t\t<h2 class=\"elementor-heading-title elementor-size-default\">Alianza CONTROLAR SALUD INTEGRAL SAS<\/h2>\t\t\t\t<\/div>\n\t\t\t\t<\/div>\n\t\t\t\t<section class=\"elementor-section elementor-inner-section elementor-element elementor-element-c9682d9 elementor-section-boxed elementor-section-height-default elementor-section-height-default\" data-id=\"c9682d9\" data-element_type=\"section\" data-e-type=\"section\">\n\t\t\t\t\t\t<div class=\"elementor-container elementor-column-gap-default\">\n\t\t\t\t\t<div class=\"elementor-column elementor-col-50 elementor-inner-column elementor-element elementor-element-d86644c\" data-id=\"d86644c\" data-element_type=\"column\" data-e-type=\"column\">\n\t\t\t<div class=\"elementor-widget-wrap elementor-element-populated\">\n\t\t\t\t\t\t<div class=\"elementor-element elementor-element-bc2b52b elementor-widget elementor-widget-text-editor\" data-id=\"bc2b52b\" data-element_type=\"widget\" data-e-type=\"widget\" data-widget_type=\"text-editor.default\">\n\t\t\t\t<div class=\"elementor-widget-container\">\n\t\t\t\t\t\t\t\t\t<p>Empresa <strong>prestadora de servicios en salud<\/strong> ocupacional con m\u00e1s de 20 a\u00f1os, tiene el personal m\u00e1s calificado y apto, para ofrecerles, las mejores soluciones empresariales, a las necesidades de su compa\u00f1\u00eda.\u00a0<\/p><p>Queremos contribuir a mejorar la calidad de vida del individuo y su productividad laboral mediante acciones encaminadas a la prevenci\u00f3n de enfermedades laborales brindando un servicio humano, eficaz y oportuno.<\/p><ul><li>Programa general de Salud ocupacional<\/li><li>Programas de Vigilancia Epidemiol\u00f3gica.<\/li><li>Programas complementarios de vacunaci\u00f3n para enfermedades inmunoprevenibles.<\/li><\/ul><p>\u00a0<\/p>\t\t\t\t\t\t\t\t<\/div>\n\t\t\t\t<\/div>\n\t\t\t\t\t<\/div>\n\t\t<\/div>\n\t\t\t\t<div class=\"elementor-column elementor-col-50 elementor-inner-column elementor-element elementor-element-3b6c805\" data-id=\"3b6c805\" data-element_type=\"column\" data-e-type=\"column\">\n\t\t\t<div class=\"elementor-widget-wrap elementor-element-populated\">\n\t\t\t\t\t\t<div class=\"elementor-element elementor-element-dcb4a4b elementor-widget elementor-widget-image\" data-id=\"dcb4a4b\" data-element_type=\"widget\" data-e-type=\"widget\" data-widget_type=\"image.default\">\n\t\t\t\t<div class=\"elementor-widget-container\">\n\t\t\t\t\t\t\t\t\t\t\t\t\t\t\t<img decoding=\"async\" src=\"https:\/\/www.psproyectosyservicios.com\/wp-content\/uploads\/elementor\/thumbs\/Debate-en-Management-p4uh2mhvx3bjsr8nhi2ux9nnfrlksa1e4a2v3svl40.jpg\" title=\"Debate-en-Management\" alt=\"Debate-en-Management\" loading=\"lazy\" \/>\t\t\t\t\t\t\t\t\t\t\t\t\t\t\t<\/div>\n\t\t\t\t<\/div>\n\t\t\t\t\t<\/div>\n\t\t<\/div>\n\t\t\t\t\t<\/div>\n\t\t<\/section>\n\t\t\t\t<div class=\"elementor-element elementor-element-72384f3 elementor-widget-divider--view-line elementor-widget elementor-widget-divider\" data-id=\"72384f3\" data-element_type=\"widget\" data-e-type=\"widget\" data-widget_type=\"divider.default\">\n\t\t\t\t<div class=\"elementor-widget-container\">\n\t\t\t\t\t\t\t<div class=\"elementor-divider\">\n\t\t\t<span class=\"elementor-divider-separator\">\n\t\t\t\t\t\t<\/span>\n\t\t<\/div>\n\t\t\t\t\t\t<\/div>\n\t\t\t\t<\/div>\n\t\t\t\t\t<\/div>\n\t\t<\/div>\n\t\t\t\t\t<\/div>\n\t\t<\/section>\n\t\t\t\t<section class=\"elementor-section elementor-top-section elementor-element elementor-element-d70bb15 elementor-section-boxed elementor-section-height-default elementor-section-height-default\" data-id=\"d70bb15\" data-element_type=\"section\" data-e-type=\"section\">\n\t\t\t\t\t\t<div class=\"elementor-container elementor-column-gap-default\">\n\t\t\t\t\t<div class=\"elementor-column elementor-col-100 elementor-top-column elementor-element elementor-element-3f4bd33\" data-id=\"3f4bd33\" data-element_type=\"column\" data-e-type=\"column\">\n\t\t\t<div class=\"elementor-widget-wrap elementor-element-populated\">\n\t\t\t\t\t\t<section class=\"elementor-section elementor-inner-section elementor-element elementor-element-6bc8090 elementor-section-boxed elementor-section-height-default elementor-section-height-default\" data-id=\"6bc8090\" data-element_type=\"section\" data-e-type=\"section\">\n\t\t\t\t\t\t<div class=\"elementor-container elementor-column-gap-default\">\n\t\t\t\t\t<div class=\"elementor-column elementor-col-50 elementor-inner-column elementor-element elementor-element-1fca0f9\" data-id=\"1fca0f9\" data-element_type=\"column\" data-e-type=\"column\">\n\t\t\t<div class=\"elementor-widget-wrap elementor-element-populated\">\n\t\t\t\t\t\t<div class=\"elementor-element elementor-element-5240ed4 elementor-widget elementor-widget-image\" data-id=\"5240ed4\" data-element_type=\"widget\" data-e-type=\"widget\" data-widget_type=\"image.default\">\n\t\t\t\t<div class=\"elementor-widget-container\">\n\t\t\t\t\t\t\t\t\t\t\t\t\t\t\t<img fetchpriority=\"high\" decoding=\"async\" width=\"700\" height=\"742\" src=\"https:\/\/www.psproyectosyservicios.com\/wp-content\/uploads\/2021\/03\/zika_3.jpg\" class=\"attachment-large size-large wp-image-3020\" alt=\"\" srcset=\"https:\/\/www.psproyectosyservicios.com\/wp-content\/uploads\/2021\/03\/zika_3.jpg 700w, https:\/\/www.psproyectosyservicios.com\/wp-content\/uploads\/2021\/03\/zika_3-600x636.jpg 600w, https:\/\/www.psproyectosyservicios.com\/wp-content\/uploads\/2021\/03\/zika_3-283x300.jpg 283w\" sizes=\"(max-width: 700px) 100vw, 700px\" \/>\t\t\t\t\t\t\t\t\t\t\t\t\t\t\t<\/div>\n\t\t\t\t<\/div>\n\t\t\t\t\t<\/div>\n\t\t<\/div>\n\t\t\t\t<div class=\"elementor-column elementor-col-50 elementor-inner-column elementor-element elementor-element-baee244\" data-id=\"baee244\" data-element_type=\"column\" data-e-type=\"column\">\n\t\t\t<div class=\"elementor-widget-wrap elementor-element-populated\">\n\t\t\t\t\t\t<div class=\"elementor-element elementor-element-7608e0a elementor-widget elementor-widget-text-editor\" data-id=\"7608e0a\" data-element_type=\"widget\" data-e-type=\"widget\" data-widget_type=\"text-editor.default\">\n\t\t\t\t<div class=\"elementor-widget-container\">\n\t\t\t\t\t\t\t\t\t<p>La empresa cuenta con un equipo humano compuesto por profesionales de las m\u00e1s diversas disciplinas, entre los cuales se encuentran ingenieros, m\u00e9dicos, enfermeras, tecn\u00f3logos, psic\u00f3logos, todos especialistas en salud ocupacional, que garantizan una adecuada atenci\u00f3n de nuestros Clientes.<\/p><p>Contamos con una cobertura a nivel nacional, en las ciudades principales de Colombia.<\/p><p>\u00a0<\/p><p>\u00a0<\/p>\t\t\t\t\t\t\t\t<\/div>\n\t\t\t\t<\/div>\n\t\t\t\t<div class=\"elementor-element elementor-element-e44b642 elementor-widget elementor-widget-accordion\" data-id=\"e44b642\" data-element_type=\"widget\" data-e-type=\"widget\" data-widget_type=\"accordion.default\">\n\t\t\t\t<div class=\"elementor-widget-container\">\n\t\t\t\t\t\t\t<div class=\"elementor-accordion\">\n\t\t\t\t\t\t\t<div class=\"elementor-accordion-item\">\n\t\t\t\t\t<div id=\"elementor-tab-title-2391\" class=\"elementor-tab-title\" data-tab=\"1\" role=\"button\" aria-controls=\"elementor-tab-content-2391\" aria-expanded=\"false\">\n\t\t\t\t\t\t\t\t\t\t\t\t\t<span class=\"elementor-accordion-icon elementor-accordion-icon-left\" aria-hidden=\"true\">\n\t\t\t\t\t\t\t\t\t\t\t\t\t\t\t<span class=\"elementor-accordion-icon-closed\"><i class=\"fas fa-plus\"><\/i><\/span>\n\t\t\t\t\t\t\t\t<span class=\"elementor-accordion-icon-opened\"><i class=\"fas fa-minus\"><\/i><\/span>\n\t\t\t\t\t\t\t\t\t\t\t\t\t\t<\/span>\n\t\t\t\t\t\t\t\t\t\t\t\t<a class=\"elementor-accordion-title\" tabindex=\"0\">PROGRAMAS GENERAL DE SALUD OCUPACIONAL<\/a>\n\t\t\t\t\t<\/div>\n\t\t\t\t\t<div id=\"elementor-tab-content-2391\" class=\"elementor-tab-content elementor-clearfix\" data-tab=\"1\" role=\"region\" aria-labelledby=\"elementor-tab-title-2391\"><p><strong>Fase 1.<\/strong> Diagn\u00f3stica<br \/>Evaluaci\u00f3n de la estructura del Programa de Salud Ocupacional<br \/>An\u00e1lisis y priorizaci\u00f3n de los Factores de Riesgo<br \/>Cumplimiento requisitos b\u00e1sicos legales en salud ocupacional.<br \/>An\u00e1lisis de resultados.<\/p><p><strong>Fase 2.<\/strong> Gesti\u00f3n<br \/>Compromiso mutuo (Capacitaci\u00f3n y concientizaci\u00f3n de niveles gerenciales)<br \/>Establecimiento de objetivos<br \/>Definici\u00f3n de indicadores y su interpretaci\u00f3n<br \/>Plan de acci\u00f3n orientado al control del riesgo, mejoras e implementaci\u00f3n.<\/p><p><strong>Fase 3.<\/strong> Mediciones y ajustes<br \/>Seguimiento al desarrollo y ejecuci\u00f3n de las actividades programadas<br \/>Aplicaci\u00f3n y an\u00e1lisis de indicadores de gesti\u00f3n<br \/>Redireccionamiento y\/o ajustes de ser necesario en las diferentes actividades.<\/p><p><strong>Fase 4.<\/strong> Evaluaci\u00f3n<br \/>An\u00e1lisis de los Indicadores de cumplimiento, calidad y eficiencia, con respecto a los objetivos y metas propuestas, definidas para el periodo evaluado.<\/p><\/div>\n\t\t\t\t<\/div>\n\t\t\t\t\t\t\t<div class=\"elementor-accordion-item\">\n\t\t\t\t\t<div id=\"elementor-tab-title-2392\" class=\"elementor-tab-title\" data-tab=\"2\" role=\"button\" aria-controls=\"elementor-tab-content-2392\" aria-expanded=\"false\">\n\t\t\t\t\t\t\t\t\t\t\t\t\t<span class=\"elementor-accordion-icon elementor-accordion-icon-left\" aria-hidden=\"true\">\n\t\t\t\t\t\t\t\t\t\t\t\t\t\t\t<span class=\"elementor-accordion-icon-closed\"><i class=\"fas fa-plus\"><\/i><\/span>\n\t\t\t\t\t\t\t\t<span class=\"elementor-accordion-icon-opened\"><i class=\"fas fa-minus\"><\/i><\/span>\n\t\t\t\t\t\t\t\t\t\t\t\t\t\t<\/span>\n\t\t\t\t\t\t\t\t\t\t\t\t<a class=\"elementor-accordion-title\" tabindex=\"0\">PROGRAMAS DE VIGILANCIA EPIDEMIOL\u00d3GICA<\/a>\n\t\t\t\t\t<\/div>\n\t\t\t\t\t<div id=\"elementor-tab-content-2392\" class=\"elementor-tab-content elementor-clearfix\" data-tab=\"2\" role=\"region\" aria-labelledby=\"elementor-tab-title-2392\"><p style=\"padding-left: 80px;\">\u25aa Conservaci\u00f3n Auditiva<\/p><p style=\"padding-left: 80px;\">\u25aa Conservaci\u00f3n y cuidados respiratorios<\/p><p style=\"padding-left: 80px;\">\u25aa Prevenci\u00f3n e intervenci\u00f3n del riesgo Ergon\u00f3mico<\/p><p style=\"padding-left: 80px;\">\u25aa Conservaci\u00f3n visual<\/p><p style=\"padding-left: 80px;\">\u25aa Prevenci\u00f3n e intervenci\u00f3n del riesgo Cardiovascular<\/p><p style=\"padding-left: 80px;\">\u25aa Programa de prevenci\u00f3n de enfermedades inmunoprevenibles<\/p><\/div>\n\t\t\t\t<\/div>\n\t\t\t\t\t\t\t<div class=\"elementor-accordion-item\">\n\t\t\t\t\t<div id=\"elementor-tab-title-2393\" class=\"elementor-tab-title\" data-tab=\"3\" role=\"button\" aria-controls=\"elementor-tab-content-2393\" aria-expanded=\"false\">\n\t\t\t\t\t\t\t\t\t\t\t\t\t<span class=\"elementor-accordion-icon elementor-accordion-icon-left\" aria-hidden=\"true\">\n\t\t\t\t\t\t\t\t\t\t\t\t\t\t\t<span class=\"elementor-accordion-icon-closed\"><i class=\"fas fa-plus\"><\/i><\/span>\n\t\t\t\t\t\t\t\t<span class=\"elementor-accordion-icon-opened\"><i class=\"fas fa-minus\"><\/i><\/span>\n\t\t\t\t\t\t\t\t\t\t\t\t\t\t<\/span>\n\t\t\t\t\t\t\t\t\t\t\t\t<a class=\"elementor-accordion-title\" tabindex=\"0\">CONSULTORIAS ESPECIALIZADAS<\/a>\n\t\t\t\t\t<\/div>\n\t\t\t\t\t<div id=\"elementor-tab-content-2393\" class=\"elementor-tab-content elementor-clearfix\" data-tab=\"3\" role=\"region\" aria-labelledby=\"elementor-tab-title-2393\"><p>Controlar Salud Integral S.A.S. cuenta con profesionales especializados en Medicina Laboral, pudiendo ofrecer servicios en consultor\u00edas para la orientaci\u00f3n de casos que tenga o est\u00e9n en curso de evaluaci\u00f3n de Enfermedad Profesional, haya sufri\u00f3 y tengan secuelas de Accidente de Trabajo y orientaci\u00f3n para enfermedades cr\u00f3nicas de origen no definido. Para ello se pueden desarrollar acompa\u00f1amiento en mesas laborales con diferentes entidades de la seguridad social<\/p><\/div>\n\t\t\t\t<\/div>\n\t\t\t\t\t\t\t<div class=\"elementor-accordion-item\">\n\t\t\t\t\t<div id=\"elementor-tab-title-2394\" class=\"elementor-tab-title\" data-tab=\"4\" role=\"button\" aria-controls=\"elementor-tab-content-2394\" aria-expanded=\"false\">\n\t\t\t\t\t\t\t\t\t\t\t\t\t<span class=\"elementor-accordion-icon elementor-accordion-icon-left\" aria-hidden=\"true\">\n\t\t\t\t\t\t\t\t\t\t\t\t\t\t\t<span class=\"elementor-accordion-icon-closed\"><i class=\"fas fa-plus\"><\/i><\/span>\n\t\t\t\t\t\t\t\t<span class=\"elementor-accordion-icon-opened\"><i class=\"fas fa-minus\"><\/i><\/span>\n\t\t\t\t\t\t\t\t\t\t\t\t\t\t<\/span>\n\t\t\t\t\t\t\t\t\t\t\t\t<a class=\"elementor-accordion-title\" tabindex=\"0\">OTRAS ACTIVIDADES DE APOYO<\/a>\n\t\t\t\t\t<\/div>\n\t\t\t\t\t<div id=\"elementor-tab-content-2394\" class=\"elementor-tab-content elementor-clearfix\" data-tab=\"4\" role=\"region\" aria-labelledby=\"elementor-tab-title-2394\"><p style=\"padding-left: 40px;\">\u2022 Diagn\u00f3stico, apoyo en la definici\u00f3n y\/o acompa\u00f1amiento en el desarrollo del Plan de Emergencias de la empresa.<br \/>\u2022 Capacitaci\u00f3n y formaci\u00f3n de Brigadistas.<br \/>\u2022 Apoyo y desarrollo en programa de orden y aseo<br \/>\u2022 Capacitaci\u00f3n en tareas de alto riesgo: Alturas<br \/>\u2022 Manejo Seguro de Herramientas<br \/>\u2022 Inspecciones de Seguridad<\/p><\/div>\n\t\t\t\t<\/div>\n\t\t\t\t\t\t\t\t<\/div>\n\t\t\t\t\t\t<\/div>\n\t\t\t\t<\/div>\n\t\t\t\t\t<\/div>\n\t\t<\/div>\n\t\t\t\t\t<\/div>\n\t\t<\/section>\n\t\t\t\t\t<\/div>\n\t\t<\/div>\n\t\t\t\t\t<\/div>\n\t\t<\/section>\n\t\t\t\t<\/div>\n\t\t","protected":false},"excerpt":{"rendered":"<p>La medicina es la ciencia dedicada al estudio de la vida, la salud, las enfermedades y la muerte del ser [&hellip;]<\/p>\n","protected":false},"author":1,"featured_media":0,"parent":0,"menu_order":0,"comment_status":"closed","ping_status":"closed","template":"page-templates\/template-pagebuilder-full-width.php","meta":{"site-sidebar-layout":"default","site-content-layout":"","ast-site-content-layout":"default","site-content-style":"default","site-sidebar-style":"default","ast-global-header-display":"","ast-banner-title-visibility":"","ast-main-header-display":"","ast-hfb-above-header-display":"","ast-hfb-below-header-display":"","ast-hfb-mobile-header-display":"","site-post-title":"","ast-breadcrumbs-content":"","ast-featured-img":"","footer-sml-layout":"","ast-disable-related-posts":"","theme-transparent-header-meta":"","adv-header-id-meta":"","stick-header-meta":"","header-above-stick-meta":"","header-main-stick-meta":"","header-below-stick-meta":"","astra-migrate-meta-layouts":"default","ast-page-background-enabled":"default","ast-page-background-meta":{"desktop":{"background-color":"var(--ast-global-color-5)","background-image":"","background-repeat":"repeat","background-position":"center center","background-size":"auto","background-attachment":"scroll","background-type":"","background-media":"","overlay-type":"","overlay-color":"","overlay-opacity":"","overlay-gradient":""},"tablet":{"background-color":"","background-image":"","background-repeat":"repeat","background-position":"center center","background-size":"auto","background-attachment":"scroll","background-type":"","background-media":"","overlay-type":"","overlay-color":"","overlay-opacity":"","overlay-gradient":""},"mobile":{"background-color":"","background-image":"","background-repeat":"repeat","background-position":"center center","background-size":"auto","background-attachment":"scroll","background-type":"","background-media":"","overlay-type":"","overlay-color":"","overlay-opacity":"","overlay-gradient":""}},"ast-content-background-meta":{"desktop":{"background-color":"var(--ast-global-color-4)","background-image":"","background-repeat":"repeat","background-position":"center center","background-size":"auto","background-attachment":"scroll","background-type":"","background-media":"","overlay-type":"","overlay-color":"","overlay-opacity":"","overlay-gradient":""},"tablet":{"background-color":"var(--ast-global-color-4)","background-image":"","background-repeat":"repeat","background-position":"center center","background-size":"auto","background-attachment":"scroll","background-type":"","background-media":"","overlay-type":"","overlay-color":"","overlay-opacity":"","overlay-gradient":""},"mobile":{"background-color":"var(--ast-global-color-4)","background-image":"","background-repeat":"repeat","background-position":"center center","background-size":"auto","background-attachment":"scroll","background-type":"","background-media":"","overlay-type":"","overlay-color":"","overlay-opacity":"","overlay-gradient":""}},"footnotes":""},"class_list":["post-2834","page","type-page","status-publish","hentry"],"jetpack_sharing_enabled":true,"_links":{"self":[{"href":"https:\/\/www.psproyectosyservicios.com\/inicio\/index.php?rest_route=\/wp\/v2\/pages\/2834","targetHints":{"allow":["GET"]}}],"collection":[{"href":"https:\/\/www.psproyectosyservicios.com\/inicio\/index.php?rest_route=\/wp\/v2\/pages"}],"about":[{"href":"https:\/\/www.psproyectosyservicios.com\/inicio\/index.php?rest_route=\/wp\/v2\/types\/page"}],"author":[{"embeddable":true,"href":"https:\/\/www.psproyectosyservicios.com\/inicio\/index.php?rest_route=\/wp\/v2\/users\/1"}],"replies":[{"embeddable":true,"href":"https:\/\/www.psproyectosyservicios.com\/inicio\/index.php?rest_route=%2Fwp%2Fv2%2Fcomments&post=2834"}],"version-history":[{"count":12,"href":"https:\/\/www.psproyectosyservicios.com\/inicio\/index.php?rest_route=\/wp\/v2\/pages\/2834\/revisions"}],"predecessor-version":[{"id":3242,"href":"https:\/\/www.psproyectosyservicios.com\/inicio\/index.php?rest_route=\/wp\/v2\/pages\/2834\/revisions\/3242"}],"wp:attachment":[{"href":"https:\/\/www.psproyectosyservicios.com\/inicio\/index.php?rest_route=%2Fwp%2Fv2%2Fmedia&parent=2834"}],"curies":[{"name":"wp","href":"https:\/\/api.w.org\/{rel}","templated":true}]}}