{"id":2848,"date":"2020-08-12T15:14:17","date_gmt":"2020-08-12T20:14:17","guid":{"rendered":"https:\/\/www.psproyectosyservicios.com\/?page_id=2848"},"modified":"2022-01-18T18:55:01","modified_gmt":"2022-01-18T23:55:01","slug":"servicios-especializados","status":"publish","type":"page","link":"https:\/\/www.psproyectosyservicios.com\/inicio\/?page_id=2848","title":{"rendered":"SERVICIOS ESPECIALIZADOS"},"content":{"rendered":"\t\t<div data-elementor-type=\"wp-page\" data-elementor-id=\"2848\" class=\"elementor elementor-2848\">\n\t\t\t\t\t\t<section class=\"elementor-section elementor-top-section elementor-element elementor-element-269ba83 elementor-section-boxed elementor-section-height-default elementor-section-height-default\" data-id=\"269ba83\" data-element_type=\"section\" data-e-type=\"section\">\n\t\t\t\t\t\t<div class=\"elementor-container elementor-column-gap-default\">\n\t\t\t\t\t<div class=\"elementor-column elementor-col-100 elementor-top-column elementor-element elementor-element-6f264f0\" data-id=\"6f264f0\" data-element_type=\"column\" data-e-type=\"column\">\n\t\t\t<div class=\"elementor-widget-wrap elementor-element-populated\">\n\t\t\t\t\t\t\t<\/div>\n\t\t<\/div>\n\t\t\t\t\t<\/div>\n\t\t<\/section>\n\t\t\t\t<section class=\"elementor-section elementor-top-section elementor-element elementor-element-91b176f elementor-section-boxed elementor-section-height-default elementor-section-height-default\" data-id=\"91b176f\" data-element_type=\"section\" data-e-type=\"section\">\n\t\t\t\t\t\t<div class=\"elementor-container elementor-column-gap-default\">\n\t\t\t\t\t<div class=\"elementor-column elementor-col-100 elementor-top-column elementor-element elementor-element-adc5ee1\" data-id=\"adc5ee1\" data-element_type=\"column\" data-e-type=\"column\">\n\t\t\t<div class=\"elementor-widget-wrap\">\n\t\t\t\t\t\t\t<\/div>\n\t\t<\/div>\n\t\t\t\t\t<\/div>\n\t\t<\/section>\n\t\t\t\t<section class=\"elementor-section elementor-top-section elementor-element elementor-element-d2c9d83 elementor-section-boxed elementor-section-height-default elementor-section-height-default\" data-id=\"d2c9d83\" data-element_type=\"section\" data-e-type=\"section\">\n\t\t\t\t\t\t<div class=\"elementor-container elementor-column-gap-default\">\n\t\t\t\t\t<div class=\"elementor-column elementor-col-100 elementor-top-column elementor-element elementor-element-b0bb75c\" data-id=\"b0bb75c\" data-element_type=\"column\" data-e-type=\"column\">\n\t\t\t<div class=\"elementor-widget-wrap elementor-element-populated\">\n\t\t\t\t\t\t<div class=\"elementor-element elementor-element-6824f11 elementor-widget elementor-widget-toggle\" data-id=\"6824f11\" data-element_type=\"widget\" data-e-type=\"widget\" data-widget_type=\"toggle.default\">\n\t\t\t\t<div class=\"elementor-widget-container\">\n\t\t\t\t\t\t\t<div class=\"elementor-toggle\">\n\t\t\t\t\t\t\t<div class=\"elementor-toggle-item\">\n\t\t\t\t\t<div id=\"elementor-tab-title-1091\" class=\"elementor-tab-title\" data-tab=\"1\" role=\"button\" aria-controls=\"elementor-tab-content-1091\" aria-expanded=\"false\">\n\t\t\t\t\t\t\t\t\t\t\t\t<span class=\"elementor-toggle-icon elementor-toggle-icon-left\" aria-hidden=\"true\">\n\t\t\t\t\t\t\t\t\t\t\t\t\t\t\t<span class=\"elementor-toggle-icon-closed\"><i class=\"fas fa-caret-right\"><\/i><\/span>\n\t\t\t\t\t\t\t\t<span class=\"elementor-toggle-icon-opened\"><i class=\"elementor-toggle-icon-opened fas fa-caret-up\"><\/i><\/span>\n\t\t\t\t\t\t\t\t\t\t\t\t\t<\/span>\n\t\t\t\t\t\t\t\t\t\t\t\t<a class=\"elementor-toggle-title\" tabindex=\"0\">Servicios Especializados<\/a>\n\t\t\t\t\t<\/div>\n\n\t\t\t\t\t<div id=\"elementor-tab-content-1091\" class=\"elementor-tab-content elementor-clearfix\" data-tab=\"1\" role=\"region\" aria-labelledby=\"elementor-tab-title-1091\"><ol><li>Formaci\u00f3n para Trabajo Seguro en Altura &#8211; Acorde con Res. 1409 de 2012 Ministerio de Trabajo, en alianza estrat\u00e9gica con el Centro de Formaci\u00f3n para Trabajo Seguro en Alturas JLMV, Autorizado con la resoluci\u00f3n 000003, emitida por el Servicio\u00a0 Nacional\u00a0 de\u00a0 Aprendizaje<\/li><li>Consultor\u00eda\u00a0\u00a0 en\u00a0\u00a0 la\u00a0\u00a0 implementaci\u00f3n\u00a0\u00a0 del\u00a0\u00a0 Programa\u00a0\u00a0 de Protecci\u00f3n Contra Ca\u00eddas.<\/li><li>Formaci\u00f3n\u00a0 en\u00a0 Trabajo\u00a0 Seguro\u00a0 en\u00a0 Espacios\u00a0 Confinados\u00a0 &#8211; Acorde con OSHA 29 CFR 1910. 146<a name=\"_Toc436148279\"><\/a><\/li><li>Consultor\u00eda en\u00a0 la implementaci\u00f3n del Programa de Gesti\u00f3n del Riesgo para Trabajo Seguro en Espacios Confinados.<\/li><li>Formaci\u00f3n en Control de Energ\u00edas Peligrosas &#8211; Acorde con OSHA 29 CFR 1910. 147.<\/li><li>Nivel Identificaci\u00f3n de Peligros \u2013 4 horas.<\/li><li>Nivel Personal Autorizado para realizar control de energ\u00edas peligrosas \u2013\u00a0 de 12 a 16 horas.<\/li><li>Consultor\u00eda en\u00a0 la implementaci\u00f3n del Programa de Gesti\u00f3n del riesgo &#8211; Acorde con OSHA 29 CFR 1910. 147.<a name=\"_Toc436148284\"><\/a><\/li><li>Consultor\u00eda en\u00a0 la implementaci\u00f3n del Programa de Gesti\u00f3n del riesgo para el Trabajo seguro con la electricidad \u2013 RETIE 2013.<\/li><li>Consultor\u00eda en el Dise\u00f1o del Sistema de Gesti\u00f3n de la Seguridad y Salud en el Trabajo, Decreto 1443 de 2014 y OHSAS 18001.<\/li><li>Planes\u00a0 de\u00a0 Gesti\u00f3n\u00a0 Integral\u00a0 del\u00a0 Riesgo\u00a0 y\u00a0 Prevenci\u00f3n\u00a0 de Emergencias.<\/li><li>Identificaci\u00f3n y An\u00e1lisis de Amenazas, Determinaci\u00f3n de la Vulnerabilidad y Nivel de Riesg<a name=\"_Toc436148288\"><\/a>o<\/li><li>Implementaci\u00f3n\u00a0 de\u00a0 Sistemas\u00a0 de\u00a0 Administraci\u00f3n\u00a0 de\u00a0 la Seguridad de la Sociedad y continuidad de negocio &#8211; ISO 22301.<\/li><li>Primera Respuesta con Materiales Peligrosos.<\/li><li>Servicios de Capacitaci\u00f3n para Comit\u00e9s de Emergencia, Brigadas y Grupos de Apoyo.<\/li><li>Realizaci\u00f3n de estudios de Ingenier\u00eda para el dise\u00f1o y\/o mejoras de sistemas de seguridad para m\u00e1quinas<\/li><li>Dise\u00f1o\u00a0 de\u00a0 tarjetas\u00a0 personalizadas\u00a0 y\u00a0 suministro\u00a0 de dispositivos\u00a0\u00a0 para\u00a0\u00a0 el\u00a0\u00a0 control\u00a0\u00a0 de\u00a0\u00a0 energ\u00edas\u00a0\u00a0 peligrosas, candadeo y etiquetado.<\/li><\/ol><\/div>\n\t\t\t\t<\/div>\n\t\t\t\t\t\t\t\t<\/div>\n\t\t\t\t\t\t<\/div>\n\t\t\t\t<\/div>\n\t\t\t\t\t<\/div>\n\t\t<\/div>\n\t\t\t\t\t<\/div>\n\t\t<\/section>\n\t\t\t\t<\/div>\n\t\t","protected":false},"excerpt":{"rendered":"<p>Servicios Especializados Formaci\u00f3n para Trabajo Seguro en Altura &#8211; Acorde con Res. 1409 de 2012 Ministerio de Trabajo, en alianza [&hellip;]<\/p>\n","protected":false},"author":1,"featured_media":0,"parent":0,"menu_order":0,"comment_status":"closed","ping_status":"closed","template":"page-templates\/template-pagebuilder-full-width.php","meta":{"site-sidebar-layout":"default","site-content-layout":"","ast-site-content-layout":"default","site-content-style":"default","site-sidebar-style":"default","ast-global-header-display":"","ast-banner-title-visibility":"","ast-main-header-display":"","ast-hfb-above-header-display":"","ast-hfb-below-header-display":"","ast-hfb-mobile-header-display":"","site-post-title":"","ast-breadcrumbs-content":"","ast-featured-img":"","footer-sml-layout":"","ast-disable-related-posts":"","theme-transparent-header-meta":"","adv-header-id-meta":"","stick-header-meta":"","header-above-stick-meta":"","header-main-stick-meta":"","header-below-stick-meta":"","astra-migrate-meta-layouts":"default","ast-page-background-enabled":"default","ast-page-background-meta":{"desktop":{"background-color":"var(--ast-global-color-5)","background-image":"","background-repeat":"repeat","background-position":"center center","background-size":"auto","background-attachment":"scroll","background-type":"","background-media":"","overlay-type":"","overlay-color":"","overlay-opacity":"","overlay-gradient":""},"tablet":{"background-color":"","background-image":"","background-repeat":"repeat","background-position":"center center","background-size":"auto","background-attachment":"scroll","background-type":"","background-media":"","overlay-type":"","overlay-color":"","overlay-opacity":"","overlay-gradient":""},"mobile":{"background-color":"","background-image":"","background-repeat":"repeat","background-position":"center center","background-size":"auto","background-attachment":"scroll","background-type":"","background-media":"","overlay-type":"","overlay-color":"","overlay-opacity":"","overlay-gradient":""}},"ast-content-background-meta":{"desktop":{"background-color":"var(--ast-global-color-4)","background-image":"","background-repeat":"repeat","background-position":"center center","background-size":"auto","background-attachment":"scroll","background-type":"","background-media":"","overlay-type":"","overlay-color":"","overlay-opacity":"","overlay-gradient":""},"tablet":{"background-color":"var(--ast-global-color-4)","background-image":"","background-repeat":"repeat","background-position":"center center","background-size":"auto","background-attachment":"scroll","background-type":"","background-media":"","overlay-type":"","overlay-color":"","overlay-opacity":"","overlay-gradient":""},"mobile":{"background-color":"var(--ast-global-color-4)","background-image":"","background-repeat":"repeat","background-position":"center center","background-size":"auto","background-attachment":"scroll","background-type":"","background-media":"","overlay-type":"","overlay-color":"","overlay-opacity":"","overlay-gradient":""}},"footnotes":""},"class_list":["post-2848","page","type-page","status-publish","hentry"],"jetpack_sharing_enabled":true,"_links":{"self":[{"href":"https:\/\/www.psproyectosyservicios.com\/inicio\/index.php?rest_route=\/wp\/v2\/pages\/2848","targetHints":{"allow":["GET"]}}],"collection":[{"href":"https:\/\/www.psproyectosyservicios.com\/inicio\/index.php?rest_route=\/wp\/v2\/pages"}],"about":[{"href":"https:\/\/www.psproyectosyservicios.com\/inicio\/index.php?rest_route=\/wp\/v2\/types\/page"}],"author":[{"embeddable":true,"href":"https:\/\/www.psproyectosyservicios.com\/inicio\/index.php?rest_route=\/wp\/v2\/users\/1"}],"replies":[{"embeddable":true,"href":"https:\/\/www.psproyectosyservicios.com\/inicio\/index.php?rest_route=%2Fwp%2Fv2%2Fcomments&post=2848"}],"version-history":[{"count":7,"href":"https:\/\/www.psproyectosyservicios.com\/inicio\/index.php?rest_route=\/wp\/v2\/pages\/2848\/revisions"}],"predecessor-version":[{"id":3248,"href":"https:\/\/www.psproyectosyservicios.com\/inicio\/index.php?rest_route=\/wp\/v2\/pages\/2848\/revisions\/3248"}],"wp:attachment":[{"href":"https:\/\/www.psproyectosyservicios.com\/inicio\/index.php?rest_route=%2Fwp%2Fv2%2Fmedia&parent=2848"}],"curies":[{"name":"wp","href":"https:\/\/api.w.org\/{rel}","templated":true}]}}