{"id":2936,"date":"2020-11-30T12:39:26","date_gmt":"2020-11-30T17:39:26","guid":{"rendered":"https:\/\/www.psproyectosyservicios.com\/?page_id=2936"},"modified":"2020-11-30T14:56:50","modified_gmt":"2020-11-30T19:56:50","slug":"juridicos","status":"publish","type":"page","link":"https:\/\/www.psproyectosyservicios.com\/inicio\/?page_id=2936","title":{"rendered":"JURIDICOS"},"content":{"rendered":"\n<p><\/p>\n\n\n\n<div class=\"wp-block-qubely-row alignfull qubely-section qubely-block-9df8fe\"><div class=\"qubely-row-overlay\"><\/div><div class=\"qubely-container\"><div class=\"qubely-row \">\n<div class=\"wp-block-qubely-column qubely-column qubely-column-front qubely-block-fe4234\"><div class=\"qubely-column-inner\">\n<div class=\"wp-block-qubely-text qubely-block-097e58\"><div class=\"qubely-block-text  \"><div class=\"qubely-block-text-title-container  qubely-separator-position-top\"><div class=\"qubely-block-text-title-inner\"><h2 class=\"qubely-block-text-title\"><span class=\"has-inline-color has-white-color\">ASESORIAS<\/span><\/h2><\/div><\/div><p>La palabra creanza es la combinaci\u00f3n de dos de los valores que representan nuestro trabajo: creatividad y confianza.\u00a0<\/p><\/div><\/div>\n<\/div><\/div>\n<\/div><\/div><\/div>\n\n\n\n<div class=\"wp-block-qubely-row alignfull qubely-section qubely-block-a2968a\"><div class=\"qubely-row-overlay\"><\/div><div class=\"qubely-container\"><div class=\"qubely-row \">\n<div class=\"wp-block-qubely-column qubely-column qubely-column-front qubely-block-48b42c\"><div class=\"qubely-column-inner\">\n<div class=\"wp-block-qubely-text qubely-block-b966ad\"><div class=\"qubely-block-text  \"><p>La confianza representa la calidad, rigurosidad y el compromiso con el que realizamos las asesor\u00edas y el acompa\u00f1amiento legal.<\/p><\/div><\/div>\n<\/div><\/div>\n<\/div><\/div><\/div>\n\n\n\n<div class=\"wp-block-qubely-row alignfull qubely-section qubely-block-f5c238\"><div class=\"qubely-row-overlay\"><\/div><div class=\"qubely-container\"><div class=\"qubely-row \">\n<div class=\"wp-block-qubely-column qubely-column qubely-column-front qubely-block-0ddd87\"><div class=\"qubely-column-inner\">\n<div class=\"wp-block-qubely-row qubely-section qubely-block-9134a2\"><div class=\"qubely-row-overlay\"><\/div><div class=\"qubely-container-fluid\"><div class=\"qubely-row \">\n<div class=\"wp-block-qubely-column qubely-column qubely-column-front qubely-block-68f370\"><div class=\"qubely-column-inner\">\n<div class=\"wp-block-qubely-text qubely-block-8ba7eb\"><div class=\"qubely-block-text  \"><div class=\"qubely-block-text-title-container  qubely-separator-position-top\"><div class=\"qubely-block-text-title-inner\"><h2 class=\"qubely-block-text-title\">Asesor\u00eda legal en derecho urbano y desarrollo de proyectos inmobiliarios<br><\/h2><\/div><\/div><p>Tr\u00e1mites de licencias urban\u00edsticas.<br>Gesti\u00f3n predial tendiente a generar suelo desarrollable.<br>Negociaci\u00f3n de predios.<br>Aval\u00faos de bienes inmuebles.<br>An\u00e1lisis de normas urbanas, determinantes urban\u00edsticas y vocaci\u00f3n de desarrollo de inmuebles.<br>Realizaci\u00f3n de acuerdos privados con propietarios de predios.<br>Elaboraci\u00f3n de contratos de compraventa de lotes, de cuentas en participaci\u00f3n y asociaciones temporales.<br>\u00a0Proyecci\u00f3n de reglamentos de propiedad horizontal.<br>Cobro pre jur\u00eddico y jur\u00eddico de cartera.<br>Acompa\u00f1amiento en procesos de contrataci\u00f3n propios de proyectos inmobiliarios (dise\u00f1o, obra, seguros, entre otros).<br>\u00a0Estructuraci\u00f3n financiera de proyectos inmobiliarios.<br>\u00a0Elaboraci\u00f3n de acuerdos de negociaci\u00f3n con bancas de inversi\u00f3n.<br>Estructuraci\u00f3n de esquemas fiduciarios completos.<br>\u00a0Acompa\u00f1amiento en procesos administrativos sancionatorios por deficiencias constructivas o incumplimiento de deberes legales.<br>Acompa\u00f1amiento en procesos de incumplimiento contractual, siniestro de p\u00f3lizas y representaci\u00f3n en litigios.<\/p><\/div><\/div>\n<\/div><\/div>\n\n\n\n<div class=\"wp-block-qubely-column qubely-column qubely-column-front qubely-block-590ae5\"><div class=\"qubely-column-inner\">\n<div class=\"wp-block-qubely-text qubely-block-6f80f7\"><div class=\"qubely-block-text  \"><div class=\"qubely-block-text-title-container  qubely-separator-position-top\"><div class=\"qubely-block-text-title-inner\"><h2 class=\"qubely-block-text-title\">Asesor\u00eda legal en derecho comercial y civil<br><br><\/h2><\/div><\/div><p>Constituci\u00f3n de veh\u00edculos societarios para cada tipo de negocio.<br>Preparaci\u00f3n de documentos societarios.<br>Constituci\u00f3n de sociedades, tr\u00e1mites administrativos, inscripci\u00f3n en registros y tr\u00e1mites de expedici\u00f3n de permisos de funcionamiento.<br>Realizaci\u00f3n de conceptos, contratos y documentos jur\u00eddicos en materia comercial y civil.<br>\u00a0Representaci\u00f3n en la estructuraci\u00f3n de negocios.<br>\u00a0Representaci\u00f3n en procesos judiciales.<br>\u00a0Ejecuci\u00f3n de contratos privados, revisi\u00f3n de acuerdos, ofertas comerciales y dem\u00e1s documentos jur\u00eddicos.<\/p><\/div><\/div>\n<\/div><\/div>\n\n\n\n<div class=\"wp-block-qubely-column qubely-column qubely-column-front qubely-block-324abb\"><div class=\"qubely-column-inner\">\n<div class=\"wp-block-qubely-text qubely-block-a0e4be\"><div class=\"qubely-block-text  \"><div class=\"qubely-block-text-title-container  qubely-separator-position-top\"><div class=\"qubely-block-text-title-inner\"><h2 class=\"qubely-block-text-title\">Asesor\u00eda legal en derecho administrativo<br><br><\/h2><\/div><\/div><p>\u00a0Acompa\u00f1amiento en procedimientos administrativos, procesos contencioso-administrativos y asuntos constitucionales.<br>Proyecci\u00f3n de documentos, actos administrativos e intervenciones en v\u00eda administrativa.<br>\u00a0Proyecci\u00f3n de reclamaciones y acompa\u00f1amiento en procesos sancionatorios y multas.<br>\u00a0Representaci\u00f3n en litigios ante autoridades p\u00fablicas y organizaciones privadas.<br>\u00a0Asesor\u00eda en contrataci\u00f3n p\u00fablica.<br>\u00a0Acompa\u00f1amiento en procesos de selecci\u00f3n.<br>\u00a0Intervenci\u00f3n en audiencias.<br>\u00a0Apoyo en la estructuraci\u00f3n de ofertas y alianzas estrat\u00e9gicas.<br>\u00a0Ejecuci\u00f3n de contratos p\u00fablicos, revisi\u00f3n de acuerdos, ofertas comerciales y dem\u00e1s documentos jur\u00eddicos.<\/p><\/div><\/div>\n<\/div><\/div>\n<\/div><\/div><\/div>\n<\/div><\/div>\n<\/div><\/div><\/div>\n","protected":false},"excerpt":{"rendered":"","protected":false},"author":1,"featured_media":0,"parent":0,"menu_order":0,"comment_status":"closed","ping_status":"closed","template":"redux-templates_full_width","meta":{"site-sidebar-layout":"default","site-content-layout":"","ast-site-content-layout":"default","site-content-style":"default","site-sidebar-style":"default","ast-global-header-display":"","ast-banner-title-visibility":"","ast-main-header-display":"","ast-hfb-above-header-display":"","ast-hfb-below-header-display":"","ast-hfb-mobile-header-display":"","site-post-title":"","ast-breadcrumbs-content":"","ast-featured-img":"","footer-sml-layout":"","ast-disable-related-posts":"","theme-transparent-header-meta":"","adv-header-id-meta":"","stick-header-meta":"","header-above-stick-meta":"","header-main-stick-meta":"","header-below-stick-meta":"","astra-migrate-meta-layouts":"default","ast-page-background-enabled":"default","ast-page-background-meta":{"desktop":{"background-color":"var(--ast-global-color-5)","background-image":"","background-repeat":"repeat","background-position":"center center","background-size":"auto","background-attachment":"scroll","background-type":"","background-media":"","overlay-type":"","overlay-color":"","overlay-opacity":"","overlay-gradient":""},"tablet":{"background-color":"","background-image":"","background-repeat":"repeat","background-position":"center center","background-size":"auto","background-attachment":"scroll","background-type":"","background-media":"","overlay-type":"","overlay-color":"","overlay-opacity":"","overlay-gradient":""},"mobile":{"background-color":"","background-image":"","background-repeat":"repeat","background-position":"center center","background-size":"auto","background-attachment":"scroll","background-type":"","background-media":"","overlay-type":"","overlay-color":"","overlay-opacity":"","overlay-gradient":""}},"ast-content-background-meta":{"desktop":{"background-color":"var(--ast-global-color-4)","background-image":"","background-repeat":"repeat","background-position":"center center","background-size":"auto","background-attachment":"scroll","background-type":"","background-media":"","overlay-type":"","overlay-color":"","overlay-opacity":"","overlay-gradient":""},"tablet":{"background-color":"var(--ast-global-color-4)","background-image":"","background-repeat":"repeat","background-position":"center center","background-size":"auto","background-attachment":"scroll","background-type":"","background-media":"","overlay-type":"","overlay-color":"","overlay-opacity":"","overlay-gradient":""},"mobile":{"background-color":"var(--ast-global-color-4)","background-image":"","background-repeat":"repeat","background-position":"center center","background-size":"auto","background-attachment":"scroll","background-type":"","background-media":"","overlay-type":"","overlay-color":"","overlay-opacity":"","overlay-gradient":""}},"footnotes":""},"class_list":["post-2936","page","type-page","status-publish","hentry"],"jetpack_sharing_enabled":true,"_links":{"self":[{"href":"https:\/\/www.psproyectosyservicios.com\/inicio\/index.php?rest_route=\/wp\/v2\/pages\/2936","targetHints":{"allow":["GET"]}}],"collection":[{"href":"https:\/\/www.psproyectosyservicios.com\/inicio\/index.php?rest_route=\/wp\/v2\/pages"}],"about":[{"href":"https:\/\/www.psproyectosyservicios.com\/inicio\/index.php?rest_route=\/wp\/v2\/types\/page"}],"author":[{"embeddable":true,"href":"https:\/\/www.psproyectosyservicios.com\/inicio\/index.php?rest_route=\/wp\/v2\/users\/1"}],"replies":[{"embeddable":true,"href":"https:\/\/www.psproyectosyservicios.com\/inicio\/index.php?rest_route=%2Fwp%2Fv2%2Fcomments&post=2936"}],"version-history":[{"count":3,"href":"https:\/\/www.psproyectosyservicios.com\/inicio\/index.php?rest_route=\/wp\/v2\/pages\/2936\/revisions"}],"predecessor-version":[{"id":2945,"href":"https:\/\/www.psproyectosyservicios.com\/inicio\/index.php?rest_route=\/wp\/v2\/pages\/2936\/revisions\/2945"}],"wp:attachment":[{"href":"https:\/\/www.psproyectosyservicios.com\/inicio\/index.php?rest_route=%2Fwp%2Fv2%2Fmedia&parent=2936"}],"curies":[{"name":"wp","href":"https:\/\/api.w.org\/{rel}","templated":true}]}}