{"id":2753,"date":"2020-08-03T11:32:58","date_gmt":"2020-08-03T16:32:58","guid":{"rendered":"https:\/\/www.psproyectosyservicios.com\/?post_type=product&#038;p=2753"},"modified":"2020-08-03T21:05:53","modified_gmt":"2020-08-04T02:05:53","slug":"prueba-rapida-realy-tech-domicilio","status":"publish","type":"product","link":"https:\/\/www.psproyectosyservicios.com\/inicio\/?product=prueba-rapida-realy-tech-domicilio","title":{"rendered":"Prueba R\u00e1pida Realy Tech a Domicilio"},"content":{"rendered":"<div class=\"woocommerce-tabs wc-tabs-wrapper\">\n<div id=\"tab-description\" class=\"woocommerce-Tabs-panel woocommerce-Tabs-panel--description panel entry-content wc-tab\" aria-labelledby=\"tab-title-description\">\n<p><span>PYS en alianza con Glacsi Group trae la nueva Prueba R\u00e1pida de Coronavirus<\/span><a href=\"https:\/\/www.psproyectosyservicios.com\/pruebas-rapidas-covid-19\/\"><strong><em><span>\u00a0<\/span>(COVID-19)<\/em><\/strong><span>\u00a0<\/span><em><strong>IGG | IGM<\/strong>\u00a0<\/em><strong><span>\u00a0<\/span>REALY TECH<\/strong><\/a><span>\u00a0<\/span><span>In Vitro Diagnostic Device. Un dispositivo de prueba r\u00e1pida inmunoensayo cromatogr\u00e1fico que de manera r\u00e1pida, sencilla y eficaz realiza el test COVID-19 con resultados en 15 minutos y efectividad del 96% \u2013 98%<\/span><\/p>\n<\/div>\n<\/div>\n","protected":false},"excerpt":{"rendered":"<p><strong>COVID FREE<\/strong><span>\u00a0<\/span>presta el servicio de toma de pruebas r\u00e1pidas a domicilio y tambi\u00e9n en nuestras cl\u00ednicas ubicadas en diferentes zonas de Bogot\u00e1, disponemos de una Unidad M\u00f3vil para toma de pruebas masivas.<\/p>\n","protected":false},"featured_media":2770,"comment_status":"closed","ping_status":"closed","template":"","meta":{"site-sidebar-layout":"default","site-content-layout":"","ast-site-content-layout":"default","site-content-style":"default","site-sidebar-style":"default","ast-global-header-display":"","ast-banner-title-visibility":"","ast-main-header-display":"","ast-hfb-above-header-display":"","ast-hfb-below-header-display":"","ast-hfb-mobile-header-display":"","site-post-title":"","ast-breadcrumbs-content":"","ast-featured-img":"","footer-sml-layout":"","ast-disable-related-posts":"","theme-transparent-header-meta":"","adv-header-id-meta":"","stick-header-meta":"","header-above-stick-meta":"","header-main-stick-meta":"","header-below-stick-meta":"","astra-migrate-meta-layouts":"default","ast-page-background-enabled":"default","ast-page-background-meta":{"desktop":{"background-color":"var(--ast-global-color-5)","background-image":"","background-repeat":"repeat","background-position":"center center","background-size":"auto","background-attachment":"scroll","background-type":"","background-media":"","overlay-type":"","overlay-color":"","overlay-opacity":"","overlay-gradient":""},"tablet":{"background-color":"","background-image":"","background-repeat":"repeat","background-position":"center center","background-size":"auto","background-attachment":"scroll","background-type":"","background-media":"","overlay-type":"","overlay-color":"","overlay-opacity":"","overlay-gradient":""},"mobile":{"background-color":"","background-image":"","background-repeat":"repeat","background-position":"center center","background-size":"auto","background-attachment":"scroll","background-type":"","background-media":"","overlay-type":"","overlay-color":"","overlay-opacity":"","overlay-gradient":""}},"ast-content-background-meta":{"desktop":{"background-color":"var(--ast-global-color-4)","background-image":"","background-repeat":"repeat","background-position":"center center","background-size":"auto","background-attachment":"scroll","background-type":"","background-media":"","overlay-type":"","overlay-color":"","overlay-opacity":"","overlay-gradient":""},"tablet":{"background-color":"var(--ast-global-color-4)","background-image":"","background-repeat":"repeat","background-position":"center center","background-size":"auto","background-attachment":"scroll","background-type":"","background-media":"","overlay-type":"","overlay-color":"","overlay-opacity":"","overlay-gradient":""},"mobile":{"background-color":"var(--ast-global-color-4)","background-image":"","background-repeat":"repeat","background-position":"center center","background-size":"auto","background-attachment":"scroll","background-type":"","background-media":"","overlay-type":"","overlay-color":"","overlay-opacity":"","overlay-gradient":""}}},"product_brand":[],"product_cat":[41],"product_tag":[],"class_list":{"0":"post-2753","1":"product","2":"type-product","3":"status-publish","4":"has-post-thumbnail","6":"product_cat-uncategorized","7":"desktop-align-left","8":"tablet-align-left","9":"mobile-align-left","11":"first","12":"instock","13":"shipping-taxable","14":"purchasable","15":"product-type-simple"},"jetpack_sharing_enabled":true,"_links":{"self":[{"href":"https:\/\/www.psproyectosyservicios.com\/inicio\/index.php?rest_route=\/wp\/v2\/product\/2753","targetHints":{"allow":["GET"]}}],"collection":[{"href":"https:\/\/www.psproyectosyservicios.com\/inicio\/index.php?rest_route=\/wp\/v2\/product"}],"about":[{"href":"https:\/\/www.psproyectosyservicios.com\/inicio\/index.php?rest_route=\/wp\/v2\/types\/product"}],"replies":[{"embeddable":true,"href":"https:\/\/www.psproyectosyservicios.com\/inicio\/index.php?rest_route=%2Fwp%2Fv2%2Fcomments&post=2753"}],"wp:featuredmedia":[{"embeddable":true,"href":"https:\/\/www.psproyectosyservicios.com\/inicio\/index.php?rest_route=\/wp\/v2\/media\/2770"}],"wp:attachment":[{"href":"https:\/\/www.psproyectosyservicios.com\/inicio\/index.php?rest_route=%2Fwp%2Fv2%2Fmedia&parent=2753"}],"wp:term":[{"taxonomy":"product_brand","embeddable":true,"href":"https:\/\/www.psproyectosyservicios.com\/inicio\/index.php?rest_route=%2Fwp%2Fv2%2Fproduct_brand&post=2753"},{"taxonomy":"product_cat","embeddable":true,"href":"https:\/\/www.psproyectosyservicios.com\/inicio\/index.php?rest_route=%2Fwp%2Fv2%2Fproduct_cat&post=2753"},{"taxonomy":"product_tag","embeddable":true,"href":"https:\/\/www.psproyectosyservicios.com\/inicio\/index.php?rest_route=%2Fwp%2Fv2%2Fproduct_tag&post=2753"}],"curies":[{"name":"wp","href":"https:\/\/api.w.org\/{rel}","templated":true}]}}